{"id":1893,"date":"2023-03-14T15:25:23","date_gmt":"2023-03-14T14:25:23","guid":{"rendered":"https:\/\/fermebeauregard.com\/tourismus-aktivitaeten-pyrenees\/"},"modified":"2023-03-20T08:54:22","modified_gmt":"2023-03-20T07:54:22","slug":"tourismus-aktivitaeten-pyrenees","status":"publish","type":"page","link":"https:\/\/fermebeauregard.com\/de\/tourismus-aktivitaeten-pyrenees\/","title":{"rendered":"Aktivit\u00e4ten"},"content":{"rendered":"<section id=\"ls-section-block_38c087713b46982e4537ae2013a04a24\" class=\"ls-section  page-chapeau has-p-t p-t-14\" >\n        <div class=\"container container--wide\">\n        \n\n<h1 class=\"ls__heading has-text-align-center deco-verticale wp-block-heading\">Aktivit\u00e4ten in der N\u00e4he der Unterkunft<\/h1>\n\n\n    <\/div>\n<\/section><section id=\"ls-section-block_fcd57d49f942dc3d26e5b55bd28e4857\" class=\"ls-section  page-one montagnes has-background has-color-1-background-color has-p-t p-t-14 has-p-b p-b-14\" >\n        <div class=\"container container--wide\">\n        \n\n<div class=\"wp-block-columns is-layout-flex wp-container-core-columns-is-layout-9d6595d7 wp-block-columns-is-layout-flex\">\n<div class=\"wp-block-column is-vertically-aligned-center left is-layout-flow wp-block-column-is-layout-flow\">\n<figure class=\"wp-block-image size-full arrondi-haut-gauche arrondi-bas-droite animated fadeInUp slow\"><img decoding=\"async\" width=\"750\" height=\"563\" src=\"https:\/\/fermebeauregard.com\/wp-content\/uploads\/2023\/02\/visiter-les-pyrenees-ariege.jpg\" alt=\"die pyren&#xE4;en ariege besuchen\" class=\"wp-image-918\" srcset=\"https:\/\/fermebeauregard.com\/wp-content\/uploads\/2023\/02\/visiter-les-pyrenees-ariege.jpg 750w, https:\/\/fermebeauregard.com\/wp-content\/uploads\/2023\/02\/visiter-les-pyrenees-ariege-300x225.jpg 300w\" sizes=\"(max-width: 750px) 100vw, 750px\" \/><\/figure>\n<\/div>\n\n\n\n<div class=\"wp-block-column right is-layout-flow wp-block-column-is-layout-flow\">\n<p class=\"ls-paragraph\">La Ferme Beauregard <strong>ist ein kleines Ferienhaus in der N\u00e4he der franz\u00f6sischen Pyren\u00e4en<\/strong>, s\u00fcdlich von Toulouse im Departement <strong>Ari\u00e8ge<\/strong>. Ein wunderbarer Ort, in einer wundersch\u00f6nen, <strong>nat\u00fcrlichen Umgebung<\/strong> f\u00fcr einen angenehmen und ruhigen Urlaub. <\/p>\n\n\n\n<p class=\"ls-paragraph\">Ideal f\u00fcr einen <strong>Urlaub in den Pyren\u00e4en<\/strong>. Hier k\u00f6nnen Sie wandern, Rad fahren, Motorrad fahren, schwimmen oder einfach nur entspannen. Geniessen Sie unseren grossen Garten und den wundersch\u00f6nen Ausblick auf die Pyren\u00e4en.<\/p>\n\n\n\n<h2 class=\"ls__heading deco-horizontale wp-block-heading\">Was man in den Pyren\u00e4en unbedingt tun sollte<\/h2>\n\n\n\n<p class=\"ls-paragraph\">Das B&amp;B Ferme Beauregard Les Pyr\u00e9n\u00e9es ist ein kleines St\u00fcck Paradies im S\u00fcden Frankreichs, im sch\u00f6nen Departement Ari\u00e8ge, mit einem atemberaubenden Blick auf die franz\u00f6sischen Pyren\u00e4en.<\/p>\n\n\n\n<p class=\"ls-paragraph\">\u00dcbernachten Sie in <a href=\"https:\/\/fermebeauregard.com\/de\/vermietung-gite-pyrenees\/\"><mark style=\"background-color:rgba(0, 0, 0, 0)\" class=\"has-inline-color has-color-white-color\">einem G\u00eetes oder G\u00e4stezimmer<\/mark><\/a> an einem Ort des Friedens, umgeben von wundersch\u00f6nen Landschaften. Besuchen Sie historische Orte, M\u00e4rkte und unternehmen Sport- und Freizeitaktivit\u00e4ten.<\/p>\n<\/div>\n<\/div>\n\n\n    <\/div>\n<\/section><section id=\"ls-section-block_b00a301f0a29c39b523318a2a3bd36db\" class=\"ls-section  page-two branche\" >\n        <div class=\"container container--wide\">\n        \n\n<div class=\"wp-block-columns is-layout-flex wp-container-core-columns-is-layout-9d6595d7 wp-block-columns-is-layout-flex\">\n<div class=\"wp-block-column is-vertically-aligned-center left is-layout-flow wp-block-column-is-layout-flow\">\n<h2 class=\"ls__heading deco-horizontale wp-block-heading\">Sportliche Aktivit\u00e4ten in der Ari\u00e8ge<\/h2>\n\n\n\n<p class=\"ls-paragraph\">F\u00fcr eine Radtour in der Natur oder f\u00fcr ge\u00fcbtere Radfahrer bietet die Ari\u00e8ge, das Land des Fahrrads, eine gro\u00dfe Auswahl an Touren.<\/p>\n\n\n\n<p class=\"ls-paragraph\">Sind Sie ein erfahrener Reiter oder m\u00f6chten Sie <strong>gerne reiten lernen<\/strong>? In der N\u00e4he des B&amp;B Ferme Beauregard befinden sich Reitst\u00e4lle, die Ihnen Ausritte oder Reitstunden anbieten.<\/p>\n\n\n\n<p class=\"ls-paragraph\">Lust auf Skifahren? Der Ferienort Ax-les-Thermes ist nur 70min von Ihrer Unterkunft entfernt.<\/p>\n\n\n\n<p class=\"ls-paragraph\">Tanken <strong>Sie Nervenkitzel<\/strong>, indem Sie sich im Paragliding oder Klettern versuchen.<\/p>\n<\/div>\n\n\n\n<div class=\"wp-block-column is-vertically-aligned-center is-layout-flow wp-block-column-is-layout-flow\">\n<figure class=\"wp-block-image size-full arrondi-bas-gauche animated fadeInRight slow\"><img decoding=\"async\" width=\"750\" height=\"563\" src=\"https:\/\/fermebeauregard.com\/wp-content\/uploads\/2023\/02\/centres-equestres-dans-les-pyrenees.jpg\" alt=\"reitzentrum in den pyren&#xE4;en\" class=\"wp-image-914\" srcset=\"https:\/\/fermebeauregard.com\/wp-content\/uploads\/2023\/02\/centres-equestres-dans-les-pyrenees.jpg 750w, https:\/\/fermebeauregard.com\/wp-content\/uploads\/2023\/02\/centres-equestres-dans-les-pyrenees-300x225.jpg 300w\" sizes=\"(max-width: 750px) 100vw, 750px\" \/><\/figure>\n<\/div>\n<\/div>\n\n\n\n<div class=\"wp-block-columns is-layout-flex wp-container-core-columns-is-layout-9d6595d7 wp-block-columns-is-layout-flex\">\n<div class=\"wp-block-column is-vertically-aligned-center is-layout-flow wp-block-column-is-layout-flow\">\n<figure class=\"wp-block-image size-full arrondi-haut-droite animated fadeInLeft delay-100ms slow\"><img decoding=\"async\" width=\"750\" height=\"563\" src=\"https:\/\/fermebeauregard.com\/wp-content\/uploads\/2023\/02\/randonnee-dans-les-pyenees.jpg\" alt=\"wanderungen in den pyren&#xE4;en\" class=\"wp-image-925\" srcset=\"https:\/\/fermebeauregard.com\/wp-content\/uploads\/2023\/02\/randonnee-dans-les-pyenees.jpg 750w, https:\/\/fermebeauregard.com\/wp-content\/uploads\/2023\/02\/randonnee-dans-les-pyenees-300x225.jpg 300w\" sizes=\"(max-width: 750px) 100vw, 750px\" \/><\/figure>\n<\/div>\n\n\n\n<div class=\"wp-block-column is-vertically-aligned-center right is-layout-flow wp-block-column-is-layout-flow\">\n<h2 class=\"ls__heading deco-horizontale wp-block-heading\">Wanderungen rund um die Unterkunft<\/h2>\n\n\n\n<p class=\"ls-paragraph\">Rund um die <strong>Unterkunft gibt<\/strong> es tolle Wanderungen, die f\u00fcr alle Arten von Wanderern geeignet sind.<\/p>\n\n\n\n<p class=\"ls-paragraph\">Wir zeigen Ihnen die <strong>sch\u00f6nsten Wanderwege<\/strong>, kleine Tipps und Tricks, um Ihre Wanderungen noch angenehmer zu gestalten.<\/p>\n\n\n\n<p class=\"ls-paragraph\">Machen Sie eine Reise als Paar, mit der Familie, mit Freunden oder einen Betriebsausflug? Ein paar Tage, ein Wochenende, eine Woche oder mehr?<\/p>\n\n\n\n<p class=\"ls-paragraph\">Kontaktieren Sie uns, wir helfen Ihnen, Ihr pers\u00f6nliches &#8222;Urlaubsprojekt&#8220; zu organisieren.<\/p>\n<\/div>\n<\/div>\n\n\n    <\/div>\n<\/section><section id=\"ls-section-block_45a870504a8cb8ae63cb24431a11de17\" class=\"ls-section  page-one has-background has-color-1-background-color has-p-t p-t-14 has-p-b p-b-14\" >\n        <div class=\"container container--wide\">\n        \n\n<div class=\"wp-block-columns is-layout-flex wp-container-core-columns-is-layout-9d6595d7 wp-block-columns-is-layout-flex\">\n<div class=\"wp-block-column right is-layout-flow wp-block-column-is-layout-flow\">\n<h3 class=\"ls__heading deco-horizontale wp-block-heading\">Umgebung &amp; Aktivit\u00e4ten<\/h3>\n\n\n\n<p class=\"ls-paragraph\">Das G\u00e4stehaus <a href=\"https:\/\/fermebeauregard.com\/de\/\">La Ferme Beauregard Les Pyr\u00e9n\u00e9es<\/a> liegt auf den H\u00fcgeln in der N\u00e4he von Artigat mit Blick auf die Pyren\u00e4en in der Ari\u00e8ge in S\u00fcdfrankreich. Sowohl in kultureller, kulinarischer als auch in sportlicher Hinsicht gibt es in der Ari\u00e8ge viel zu entdecken. Sie m\u00fcssen nicht weit fahren, um sch\u00f6ne <a href=\"https:\/\/fermebeauregard.com\/de\/tourismus-pyrenees\/\">Orte zu besuchen<\/a>, in einer guten Gastst\u00e4tte einzukehren, Spezialit\u00e4ten von einem Markt mitzunehmen, ein Schloss zu besichtigen, an einem Flussufer spazieren zu gehen, in den Bergen zu wandern&#8230;.<\/p>\n\n\n\n<p class=\"ls-paragraph\">Seine 35 Gemeinden, seine nat\u00fcrlichen und kulturellen Reicht\u00fcmer, sein <strong>historisches Erbe und seine Traditionen<\/strong>, &#8230; haben unser <a href=\"https:\/\/pap-tourisme.fr\/\" target=\"_blank\" rel=\"noreferrer noopener nofollow\">Departement Ari\u00e8ge<\/a> zu einem wunderbaren Reiseziel gemacht, das es zu besuchen gilt.<\/p>\n\n\n\n<p class=\"ls-paragraph addReadMore showlesscontent\">Die kleinen St\u00e4dte Pamiers, Mirepoix, Maz\u00e8res, Saint-Girons, Saint-Lizier und Foix sind zwischen 20 und 40 Minuten vom Bauernhof entfernt; die gr\u00f6\u00dferen St\u00e4dte wie Toulouse und Carcassonne sind zwischen 60 und 75 Minuten von unserem B&amp;B Ferme Beauregard Les Pyr\u00e9n\u00e9es entfernt. Andorra la Vella &#8211; ist nur 2 Stunden und 15 Minuten von der Ferme Beauregard entfernt!<\/p>\n<\/div>\n\n\n\n<div class=\"wp-block-column is-vertically-aligned-center left is-layout-flow wp-block-column-is-layout-flow\">\n<figure class=\"wp-block-image size-full arrondi-haut-gauche arrondi-bas-droite animated fadeInUp slow\"><img decoding=\"async\" width=\"750\" height=\"563\" src=\"https:\/\/fermebeauregard.com\/wp-content\/uploads\/2023\/02\/decouvrir-le-patrimoine-du-departement-ariege.jpg\" alt=\"decouvrir le patrimoine de d&#xE9;partement ariege\" class=\"wp-image-923\" srcset=\"https:\/\/fermebeauregard.com\/wp-content\/uploads\/2023\/02\/decouvrir-le-patrimoine-du-departement-ariege.jpg 750w, https:\/\/fermebeauregard.com\/wp-content\/uploads\/2023\/02\/decouvrir-le-patrimoine-du-departement-ariege-300x225.jpg 300w\" sizes=\"(max-width: 750px) 100vw, 750px\" \/><\/figure>\n<\/div>\n<\/div>\n\n\n\n<div class=\"wp-block-columns is-layout-flex wp-container-core-columns-is-layout-9d6595d7 wp-block-columns-is-layout-flex\">\n<div class=\"wp-block-column is-vertically-aligned-center left is-layout-flow wp-block-column-is-layout-flow\">\n<figure class=\"wp-block-image size-full arrondi-haut-gauche arrondi-bas-droite animated fadeInUp slow\"><img decoding=\"async\" width=\"750\" height=\"563\" src=\"https:\/\/fermebeauregard.com\/wp-content\/uploads\/2023\/02\/passez-un-sejour-sportif-dans-les-pyrenees.jpg\" alt=\"verbringen Sie einen sportlichen Aufenthalt in den Pyren&#xE4;en\" class=\"wp-image-921\" srcset=\"https:\/\/fermebeauregard.com\/wp-content\/uploads\/2023\/02\/passez-un-sejour-sportif-dans-les-pyrenees.jpg 750w, https:\/\/fermebeauregard.com\/wp-content\/uploads\/2023\/02\/passez-un-sejour-sportif-dans-les-pyrenees-300x225.jpg 300w\" sizes=\"(max-width: 750px) 100vw, 750px\" \/><\/figure>\n<\/div>\n\n\n\n<div class=\"wp-block-column is-vertically-aligned-center right is-layout-flow wp-block-column-is-layout-flow\">\n<h3 class=\"ls__heading deco-horizontale wp-block-heading\">Sportaufenthalte<\/h3>\n\n\n\n<p class=\"ls-paragraph\">Wandern, Mountainbiken, Reiten, Schwimmen, Paragliding, Wildwassersport&#8230; Alles in der N\u00e4he f\u00fcr <strong>einen aktiven Urlaub.<\/strong><\/p>\n\n\n\n<h3 class=\"ls__heading deco-horizontale wp-block-heading\">Kulturelle Eskapaden<\/h3>\n\n\n\n<p class=\"ls-paragraph\">Entfliehen Sie dem Alltag f\u00fcr einen Moment!<\/p>\n\n\n\n<p class=\"ls-paragraph\">Die Ari\u00e8ge wird von <strong>kulturellen Veranstaltungen<\/strong> mit klassischen oder zeitgen\u00f6ssischen, alternativen oder traditionellen Programmen belebt. Es gibt Festivals, Konzerte, Theater und vieles mehr, das man besuchen kann.<\/p>\n<\/div>\n<\/div>\n\n\n    <\/div>\n<\/section><section id=\"ls-section-block_a494b3164ff3b01c722c1d9641b382a0\" class=\"ls-section  page-maillage has-p-t p-t-14 has-p-b p-b-14\" >\n        <div class=\"container container--wide\">\n        \n\n<div id=\"ls-heading ls-titre-div-block_12a14e1eb6ecf9671b78d94bb8e35d42\" class=\"ls-titre-div deco-verticale deco-maison aligncenter h2-like\" >\n    Entdecken Sie unseren Pool, unsere Zimmer und die Umgebung!<\/div>\n\n\n<div id=\"ls-maillage-block_4b95602255f6f809d73ed34d8ddb2e48\" class=\"ls-maillage cta-style-normal has-m-t m-t-4\" data-rows=\"3\">\n    <div class=\"wp-block-columns\"><div class=\"wp-block-column\">\n\n<a href=\"https:\/\/fermebeauregard.com\/de\/vermietung-gite-pyrenees\/\" target=\"\" rel=\"noopener\" class=\"ls-cta__link\">\n\n\t<div class=\"ls-cta__image\"><img decoding=\"async\" src=\"https:\/\/fermebeauregard.com\/wp-content\/uploads\/2023\/02\/gite-calme-avec-vue-sur-pyrenees.jpg\" alt=\"gite calme avec vue sur les pyrenees\"><\/div>\n\t<div class=\"ls-cta__title\">\n\t\tDie Zimmer und G\u00eetes\t<\/div>\n\n\t\t\n<\/a><\/div><div class=\"wp-block-column\">\n\n<a href=\"https:\/\/fermebeauregard.com\/de\/tourismus-pyrenees\/\" target=\"\" rel=\"noopener\" class=\"ls-cta__link\">\n\n\t<div class=\"ls-cta__image\"><img decoding=\"async\" src=\"https:\/\/fermebeauregard.com\/wp-content\/uploads\/2023\/02\/alentours-gite-beauregard-ariege.jpg\" alt=\"a visiter autour de foix\"><\/div>\n\t<div class=\"ls-cta__title\">\n\t\tZu sehen\t<\/div>\n\n\t\t\n<\/a><\/div><div class=\"wp-block-column\">\n\n<a href=\"https:\/\/fermebeauregard.com\/de\/haus-hotes-piscine-pyrenees\/\" target=\"\" rel=\"noopener\" class=\"ls-cta__link\">\n\n\t<div class=\"ls-cta__image\"><img decoding=\"async\" src=\"https:\/\/fermebeauregard.com\/wp-content\/uploads\/2023\/02\/gite-avec-piscine-dans-les-pyrenees.jpg\" alt=\"gite piscine pyrenees\"><\/div>\n\t<div class=\"ls-cta__title\">\n\t\tDer Pool\t<\/div>\n\n\t\t\n<\/a><\/div><\/div><\/div>\n\n    <\/div>\n<\/section>","protected":false},"excerpt":{"rendered":"","protected":false},"author":1,"featured_media":1814,"parent":0,"menu_order":0,"comment_status":"closed","ping_status":"closed","template":"","meta":{"_acf_changed":false,"footnotes":""},"sujet":[],"class_list":["post-1893","page","type-page","status-publish","has-post-thumbnail","hentry"],"acf":[],"_links":{"self":[{"href":"https:\/\/fermebeauregard.com\/de\/wp-json\/wp\/v2\/pages\/1893","targetHints":{"allow":["GET"]}}],"collection":[{"href":"https:\/\/fermebeauregard.com\/de\/wp-json\/wp\/v2\/pages"}],"about":[{"href":"https:\/\/fermebeauregard.com\/de\/wp-json\/wp\/v2\/types\/page"}],"author":[{"embeddable":true,"href":"https:\/\/fermebeauregard.com\/de\/wp-json\/wp\/v2\/users\/1"}],"replies":[{"embeddable":true,"href":"https:\/\/fermebeauregard.com\/de\/wp-json\/wp\/v2\/comments?post=1893"}],"version-history":[{"count":14,"href":"https:\/\/fermebeauregard.com\/de\/wp-json\/wp\/v2\/pages\/1893\/revisions"}],"predecessor-version":[{"id":2152,"href":"https:\/\/fermebeauregard.com\/de\/wp-json\/wp\/v2\/pages\/1893\/revisions\/2152"}],"wp:featuredmedia":[{"embeddable":true,"href":"https:\/\/fermebeauregard.com\/de\/wp-json\/wp\/v2\/media\/1814"}],"wp:attachment":[{"href":"https:\/\/fermebeauregard.com\/de\/wp-json\/wp\/v2\/media?parent=1893"}],"wp:term":[{"taxonomy":"sujet","embeddable":true,"href":"https:\/\/fermebeauregard.com\/de\/wp-json\/wp\/v2\/sujet?post=1893"}],"curies":[{"name":"wp","href":"https:\/\/api.w.org\/{rel}","templated":true}]}}