{"id":1899,"date":"2023-03-14T15:33:42","date_gmt":"2023-03-14T14:33:42","guid":{"rendered":"https:\/\/fermebeauregard.com\/tourismus-pyrenees\/"},"modified":"2023-03-20T08:59:03","modified_gmt":"2023-03-20T07:59:03","slug":"tourismus-pyrenees","status":"publish","type":"page","link":"https:\/\/fermebeauregard.com\/de\/tourismus-pyrenees\/","title":{"rendered":"Zu sehen"},"content":{"rendered":"<section id=\"ls-section-block_98e17360a7a739ad6826c9694532dac7\" class=\"ls-section  page-chapeau has-p-t p-t-14\" >\n        <div class=\"container container--wide\">\n        \n\n<h1 class=\"ls__heading has-text-align-center deco-verticale wp-block-heading\">Entdecken Sie die Ari\u00e8ge vom Ferme Beauregard Les Pyr\u00e9n\u00e9es aus<\/h1>\n\n\n    <\/div>\n<\/section><section id=\"ls-section-block_066e852dac9f88e724166326aaa9f7c3\" class=\"ls-section  page-one montagnes has-background has-color-1-background-color has-p-t p-t-14 has-p-b p-b-14\" >\n        <div class=\"container container--wide\">\n        \n\n<div class=\"wp-block-columns is-layout-flex wp-container-core-columns-is-layout-9d6595d7 wp-block-columns-is-layout-flex\">\n<div class=\"wp-block-column is-vertically-aligned-center left is-layout-flow wp-block-column-is-layout-flow\">\n<figure class=\"wp-block-image size-full arrondi-haut-gauche arrondi-bas-droite animated fadeInUp slow\"><img decoding=\"async\" width=\"750\" height=\"563\" src=\"https:\/\/fermebeauregard.com\/wp-content\/uploads\/2023\/02\/decouvrir-le-patrimoine-du-departement-ariege-1.jpg\" alt=\"das erbe des departements ariege entdecken\" class=\"wp-image-952\" srcset=\"https:\/\/fermebeauregard.com\/wp-content\/uploads\/2023\/02\/decouvrir-le-patrimoine-du-departement-ariege-1.jpg 750w, https:\/\/fermebeauregard.com\/wp-content\/uploads\/2023\/02\/decouvrir-le-patrimoine-du-departement-ariege-1-300x225.jpg 300w\" sizes=\"(max-width: 750px) 100vw, 750px\" \/><\/figure>\n<\/div>\n\n\n\n<div class=\"wp-block-column right is-layout-flow wp-block-column-is-layout-flow\">\n<p class=\"ls-paragraph\">Erleben Sie einen einzigartigen Aufenthalt im Herzen der Pyren\u00e4en in unserem sch\u00f6nen Departement. In der <a href=\"https:\/\/fermebeauregard.com\/de\/\">Unterkunft Ferme Beauregard<\/a> sind Sie ideal gelegen, um die sch\u00f6nsten <a href=\"https:\/\/www.ariege.com\/\" target=\"_blank\" rel=\"noreferrer noopener nofollow\">Orte in der Ari\u00e8ge zu entdecken<\/a>. Besuchen Sie Toulouse, die rosafarbene Stadt, Hauptstadt der Region Okzitanien, Carcassonne mit seiner ber\u00fchmten Cit\u00e9, das Schloss von Foix, Ax-les-Thermes, Monts\u00e9gur, den Wallfahrtsort Lourdes, Andorra&#8230;<\/p>\n\n\n\n<p class=\"ls-paragraph\">Sind Sie ein Fan von M\u00e4rkten und malerischen D\u00f6rfern? Mirepoix, Saint-Girons oder auch Limoux werden Sie zweifellos begeistern.<\/p>\n\n\n\n<p class=\"ls-paragraph\">Ob mit dem Auto, dem Fahrrad, zu Fu\u00df oder zu Pferd &#8211; unsere Region bietet <strong>Ihnen eine breite Palette an Aktivit\u00e4ten f\u00fcr jeden Geschmack<\/strong>. Wir laden Sie ein, die Sch\u00f6nheiten unserer Region und unseres Departements, der <strong>Ari\u00e8ge<\/strong>, zu entdecken.<\/p>\n<\/div>\n<\/div>\n\n\n    <\/div>\n<\/section><section id=\"ls-section-block_7f2ce158b5e3ba03a64a9c4e206321d1\" class=\"ls-section  page-two branche\" >\n        <div class=\"container container--wide\">\n        \n\n<div class=\"wp-block-columns is-layout-flex wp-container-core-columns-is-layout-9d6595d7 wp-block-columns-is-layout-flex\">\n<div class=\"wp-block-column is-vertically-aligned-center left is-layout-flow wp-block-column-is-layout-flow\">\n<h2 class=\"ls__heading deco-horizontale wp-block-heading\">Besuchen Sie Mas d&#8217;Azil : eine geologische Kuriosit\u00e4t<\/h2>\n\n\n\n<p class=\"ls-paragraph\">Der Besuch der <a href=\"https:\/\/www.le-mas-dazil.fr\/\" target=\"_blank\" rel=\"noreferrer noopener nofollow\">H\u00f6hlen von Mas d&#8217;Azil<\/a>, ein &#8222;Muss&#8220;, das Sie sich w\u00e4hrend Ihres Aufenthalts nicht entgehen lassen sollten.<\/p>\n\n\n\n<p class=\"ls-paragraph\">Unverzichtbar, beeindruckend, fantastisch&#8230; Worte sind viel zu wenig, um eine der ber\u00fchmtesten und meistbesuchten <strong>pal\u00e4olithischen St\u00e4tten Europas zu beschreiben.<\/strong><\/p>\n\n\n\n<p class=\"ls-paragraph\">Stellen Sie sich anhand von Reproduktionen von Gem\u00e4lden und Drucken vor, wie die ersten Menschen gelebt haben und wie ihre Lebensbedingungen waren. In Begleitung eines Reiseleiters erfahren Sie mehr \u00fcber die Arbeit, die Arch\u00e4ologen seit Jahren leisten, um ihre Geschichte nachzuvollziehen. <\/p>\n\n\n\n<p class=\"ls-paragraph addReadMore showlesscontent\">Das Studium von <strong>Gravuren und Skulpturen, die von den Cro-Magnon-Menschen angefertigt wurden<\/strong>, sowie von Tierknochen aus der ersten Eiszeit bieten heute eine \u00e4u\u00dferst pr\u00e4zise Interpretation.<\/p>\n<\/div>\n\n\n\n<div class=\"wp-block-column is-vertically-aligned-center is-layout-flow wp-block-column-is-layout-flow\">\n<figure class=\"wp-block-image size-full arrondi-bas-gauche animated fadeInRight slow\"><img decoding=\"async\" width=\"750\" height=\"563\" src=\"https:\/\/fermebeauregard.com\/wp-content\/uploads\/2023\/02\/decouvrir-les-grottes-de-mas-dazil.jpg\" alt=\"die h&#xF6;hlen von mas d'azil entdecken\" class=\"wp-image-949\" srcset=\"https:\/\/fermebeauregard.com\/wp-content\/uploads\/2023\/02\/decouvrir-les-grottes-de-mas-dazil.jpg 750w, https:\/\/fermebeauregard.com\/wp-content\/uploads\/2023\/02\/decouvrir-les-grottes-de-mas-dazil-300x225.jpg 300w\" sizes=\"(max-width: 750px) 100vw, 750px\" \/><\/figure>\n<\/div>\n<\/div>\n\n\n\n<div class=\"wp-block-columns is-layout-flex wp-container-core-columns-is-layout-9d6595d7 wp-block-columns-is-layout-flex\">\n<div class=\"wp-block-column is-vertically-aligned-center is-layout-flow wp-block-column-is-layout-flow\">\n<figure class=\"wp-block-image size-full arrondi-haut-droite animated fadeInLeft delay-100ms slow\"><img decoding=\"async\" width=\"750\" height=\"563\" src=\"https:\/\/fermebeauregard.com\/wp-content\/uploads\/2023\/02\/visiter-pamiers-en-ariege-1.jpg\" alt=\"besuche pamiers en ariege\" class=\"wp-image-1319\" srcset=\"https:\/\/fermebeauregard.com\/wp-content\/uploads\/2023\/02\/visiter-pamiers-en-ariege-1.jpg 750w, https:\/\/fermebeauregard.com\/wp-content\/uploads\/2023\/02\/visiter-pamiers-en-ariege-1-300x225.jpg 300w\" sizes=\"(max-width: 750px) 100vw, 750px\" \/><\/figure>\n<\/div>\n\n\n\n<div class=\"wp-block-column is-vertically-aligned-center right is-layout-flow wp-block-column-is-layout-flow\">\n<h2 class=\"ls__heading deco-horizontale wp-block-heading\">Entdecken Sie die sch\u00f6ne Stadt Pamiers<\/h2>\n\n\n\n<p class=\"ls-paragraph\">Pamiers, die Geburtsstadt des gro\u00dfen Komponisten und Musikers Gabriel Faur\u00e9 (1845-1924), ist reich an einem bemerkenswerten Kulturerbe.<\/p>\n\n\n\n<p class=\"ls-paragraph right\">Pamiers l\u00e4dt Sie ein zu <strong>historische Denkm\u00e4ler besuchen<\/strong>In der Stadt gibt es zahlreiche Sehensw\u00fcrdigkeiten wie die wunderbare Kathedrale mit ihrer herrlichen Orgel, die mittelalterlichen Kan\u00e4le rund um die Stadt, die ber\u00fchmte Kirche Notre-Dame mit ihrer sch\u00f6nen zinnenbewehrten Fassade oder die erstaunliche kleine romanische Kirche Mas Vieux au\u00dferhalb der Stadt inmitten der Natur.<\/p>\n\n\n\n<p class=\"ls-paragraph\">Der Karmel, eine religi\u00f6se St\u00e4tte im Herzen von Pamiers, <strong>ist ein architektonisches Juwel aus dem 17<\/strong>. Seit seiner Gr\u00fcndung im Jahr 1648 bis 2008 beherbergte es Schwestern des Karmeliterordens, die ihr Leben an diesem von der Au\u00dfenwelt v\u00f6llig isolierten Ort dem Gebet widmeten. <\/p>\n\n\n\n<p class=\"ls-paragraph addReadMore showlesscontent\">Die Stadtverwaltung von Pamiers kaufte den Karmel 2012. Nach und nach wird er zu einem Ort, der der Kultur gewidmet ist. Jeden Samstagmorgen ist Markttag. Lassen Sie sich diesen nicht entgehen um alle lokalen Spezialit\u00e4ten zu entdecken.<\/p>\n<\/div>\n<\/div>\n\n\n    <\/div>\n<\/section><section id=\"ls-section-block_5a2ad8c5b1f8e159e80c2f495f177df3\" class=\"ls-section  page-two branche has-background has-color-1-background-color has-p-t p-t-14 has-p-b p-b-14\" >\n        <div class=\"container container--wide\">\n        \n\n<div class=\"wp-block-columns is-layout-flex wp-container-core-columns-is-layout-9d6595d7 wp-block-columns-is-layout-flex\">\n<div class=\"wp-block-column is-vertically-aligned-center right is-layout-flow wp-block-column-is-layout-flow\">\n<h2 class=\"ls__heading deco-horizontale wp-block-heading\">Foix und sein Schloss<\/h2>\n\n\n\n<p class=\"ls-paragraph\"><a href=\"http:\/\/www.foix-tourisme.com\/\" target=\"_blank\" rel=\"noreferrer noopener nofollow\">Foix<\/a> liegt in der Ari\u00e8ge am Fu\u00dfe der Pyren\u00e4en und ist ein Ort der Kultur und Unterhaltung. <\/p>\n\n\n\n<p class=\"ls-paragraph\">Das Schloss von Foix geh\u00f6rt zu <strong>den Reicht\u00fcmern seines historischen Erbes.<\/strong> Entdecken Sie auch die Atmosph\u00e4re eines Dorfes aus einer anderen Zeit in den Forges de Pyr\u00e8ne. Nehmen Sie sich Zeit, um den unter Denkmalschutz stehende unterirdische Fluss Labouiche bei Balou zu besuchen. <\/p>\n\n\n\n<p class=\"ls-paragraph\">Besuchen Sie jeden Freitagmorgen den Markt in Foix, um sich mit Souvenirs einzudecken.<\/p>\n\n\n\n<h2 class=\"ls__heading deco-horizontale wp-block-heading\">Carcassonne, die K\u00f6nigin der mittelalterlichen St\u00e4dte<\/h2>\n\n\n\n<p class=\"ls-paragraph\">Unumg\u00e4nglich! G\u00f6nnen Sie sich einen Tag, um Carcassonne zu <a href=\"https:\/\/www.tourisme-carcassonne.fr\/\" target=\"_blank\" rel=\"noreferrer noopener nofollow\">erkunden<\/a>. Diese Stadt, die f\u00fcr ihre Stadtmauern und ihr Grafenschloss bekannt ist, <strong>geh\u00f6rt seit 1997 zum UNESCO-Weltkulturerbe<\/strong>.<\/p>\n\n\n\n<p class=\"ls-paragraph addReadMore showlesscontent\">Tauchen Sie in die mittelalterliche Geschichte von Carcassonne ein und lassen Sie sich von der Sch\u00f6nheit seiner Architektur verzaubern.<\/p>\n<\/div>\n\n\n\n<div class=\"wp-block-column is-vertically-aligned-center left is-layout-flow wp-block-column-is-layout-flow\">\n<figure class=\"wp-block-image size-full arrondi-haut-gauche arrondi-bas-droite animated fadeInUp slow\"><img decoding=\"async\" width=\"750\" height=\"563\" src=\"https:\/\/fermebeauregard.com\/wp-content\/uploads\/2023\/02\/decouvrir-la-cite-medieval-de-carcassone.jpg\" alt=\"die mittelalterliche Stadt carcassone entdecken\" class=\"wp-image-941\" srcset=\"https:\/\/fermebeauregard.com\/wp-content\/uploads\/2023\/02\/decouvrir-la-cite-medieval-de-carcassone.jpg 750w, https:\/\/fermebeauregard.com\/wp-content\/uploads\/2023\/02\/decouvrir-la-cite-medieval-de-carcassone-300x225.jpg 300w\" sizes=\"(max-width: 750px) 100vw, 750px\" \/><\/figure>\n<\/div>\n<\/div>\n\n\n\n<div class=\"wp-block-columns is-layout-flex wp-container-core-columns-is-layout-9d6595d7 wp-block-columns-is-layout-flex\">\n<div class=\"wp-block-column is-vertically-aligned-center left is-layout-flow wp-block-column-is-layout-flow\">\n<figure class=\"wp-block-image size-full arrondi-haut-gauche arrondi-bas-droite animated fadeInUp slow\"><img decoding=\"async\" width=\"750\" height=\"563\" src=\"https:\/\/fermebeauregard.com\/wp-content\/uploads\/2023\/02\/chambres-dhote-toulouse.jpg\" alt=\"g&#xE4;stezimmer toulouse\" class=\"wp-image-939\" srcset=\"https:\/\/fermebeauregard.com\/wp-content\/uploads\/2023\/02\/chambres-dhote-toulouse.jpg 750w, https:\/\/fermebeauregard.com\/wp-content\/uploads\/2023\/02\/chambres-dhote-toulouse-300x225.jpg 300w\" sizes=\"(max-width: 750px) 100vw, 750px\" \/><\/figure>\n<\/div>\n\n\n\n<div class=\"wp-block-column is-vertically-aligned-center right is-layout-flow wp-block-column-is-layout-flow\">\n<h2 class=\"ls__heading deco-horizontale wp-block-heading\">Entdecken Sie Toulouse, die rosafarbene Stadt<\/h2>\n\n\n\n<p class=\"ls-paragraph\">Diese wundersch\u00f6ne rosafarbene Stadt im S\u00fcdwesten Frankreichs l\u00e4dt Sie dazu ein, durch ihre Gassen zu schlendern.<\/p>\n\n\n\n<p class=\"ls-paragraph\"><a href=\"https:\/\/www.toulouse-tourisme.com\/\" target=\"_blank\" rel=\"noreferrer noopener nofollow\">Toulouse<\/a>, die Hauptstadt der Region Okzitanien, ist die <strong>Stadt der Farben<\/strong>: rosafarbene Backsteinfassaden, hellblaue Fensterl\u00e4den, ihre Blume La Violette und das Blau des Pastells. Sie werden sich in diese Stadt verlieben, die Ihnen <strong>Spazierg\u00e4nge<\/strong>, <strong>historische Denkm\u00e4ler<\/strong>, <strong>Museen<\/strong>, <strong>Pl\u00e4tze<\/strong>, kleine <strong>Gesch\u00e4fte<\/strong> und sehr gute <strong>Restaurants<\/strong> bietet.<\/p>\n\n\n\n<h2 class=\"ls__heading deco-horizontale wp-block-heading\">Carla Bay, Dorf der Kunst<\/h2>\n\n\n\n<p class=\"ls-paragraph\"><a href=\"https:\/\/www.ariegepyrenees.com\/decouvrir\/incontournables\/les-plus-beaux-villages\/le-carla-bayle-village-dartistes\/\" target=\"_blank\" rel=\"noreferrer noopener nofollow\">Carla Bay ist das Kunstdorf<\/a> der Ari\u00e8ge! <\/p>\n\n\n\n<p class=\"ls-paragraph\">Dieses malerische kleine Dorf liegt auf <strong>der Spitze eines H\u00fcgels und bietet eine fantastische Aussicht<\/strong>. Hier bietet sich die Gelegenheit, seine zahlreichen K\u00fcnstlergalerien zu besuchen und so die Geschichte der K\u00fcnstler zu erfahren, die seinen Ruhm begr\u00fcndet haben. <\/p>\n\n\n\n<p class=\"ls-paragraph addReadMore showlesscontent\">Es ist auch die Geburtsstadt von Pierre Bayle, einem 1647 geborenen franz\u00f6sischen Philosophen, Schriftsteller und Lexikografen. Im Juli und August feiert Le Carla-Bayle, das Festival der bildenden K\u00fcnste &#8222;Rue des Arts&#8220;.<\/p>\n<\/div>\n<\/div>\n\n\n    <\/div>\n<\/section><section id=\"ls-section-block_d534ba64ae69177f0373694234c67e9f\" class=\"ls-section  page-one has-background has-color-5-background-color has-p-t p-t-14 has-p-b p-b-14\" >\n        <div class=\"container container--wide\">\n        \n\n<div class=\"wp-block-columns is-layout-flex wp-container-core-columns-is-layout-9d6595d7 wp-block-columns-is-layout-flex\">\n<div class=\"wp-block-column is-vertically-aligned-center right is-layout-flow wp-block-column-is-layout-flow\">\n<h2 class=\"ls__heading deco-horizontale wp-block-heading\">Besuchen Sie die mittelalterliche Stadt Mirepoix<\/h2>\n\n\n\n<p class=\"ls-paragraph\">Willkommen in <a href=\"https:\/\/www.tourisme-mirepoix.com\/\" target=\"_blank\" rel=\"noreferrer noopener nofollow\">Mirepoix, einem mittelalterlichen<\/a> Dorf mit einzigartigem Charme. Zu jeder Jahreszeit k\u00f6nnen Sie seine Geschichte und seine sch\u00f6ne Bastide entdecken.<\/p>\n\n\n\n<p class=\"ls-paragraph\">Mirepoix wurde nach den regelm\u00e4\u00dfigen Pl\u00e4nen der Bastiden wiederaufgebaut, nachdem das Dorf 1289 unter einer gro\u00dfen \u00dcberschwemmung gelitten hatte. Bewundern Sie die Kl\u00f6ster aus dem 15. <strong>Jahrhundert, die sch\u00f6nen Fachwerkh\u00e4user und die Holzgalerien<\/strong>.<\/p>\n\n\n\n<p class=\"ls-paragraph\">Ebenfalls sehenswert ist die alte Kathedrale Saint Maurice mit den beeindruckenden Ausma\u00dfen von 22 m Breite. Im April und November beleben sich die Stra\u00dfen von Mirepoix zu Ihrer Freude.<\/p>\n\n\n\n<p class=\"ls-paragraph\">Auf keinen Fall verpassen: der gro\u00dfe Markt am Montagmorgen.<\/p>\n<\/div>\n\n\n\n<div class=\"wp-block-column is-vertically-aligned-center left is-layout-flow wp-block-column-is-layout-flow\">\n<figure class=\"wp-block-image size-full arrondi-haut-gauche arrondi-bas-droite animated fadeInUp slow\"><img decoding=\"async\" width=\"750\" height=\"563\" src=\"https:\/\/fermebeauregard.com\/wp-content\/uploads\/2023\/02\/vister-mirepoix-en-ariege.jpg\" alt=\"besuchen sie mirepoix en ariege\" class=\"wp-image-943\" srcset=\"https:\/\/fermebeauregard.com\/wp-content\/uploads\/2023\/02\/vister-mirepoix-en-ariege.jpg 750w, https:\/\/fermebeauregard.com\/wp-content\/uploads\/2023\/02\/vister-mirepoix-en-ariege-300x225.jpg 300w\" sizes=\"(max-width: 750px) 100vw, 750px\" \/><\/figure>\n<\/div>\n<\/div>\n\n\n    <\/div>\n<\/section><section id=\"ls-section-block_0f2e932529d0efa9365e43a4454ad45f\" class=\"ls-section  page-maillage has-p-t p-t-14 has-p-b p-b-14\" >\n        <div class=\"container container--wide\">\n        \n\n<div id=\"ls-heading ls-titre-div-block_e02004bdcf1f1de754d71355e7385540\" class=\"ls-titre-div deco-verticale deco-maison aligncenter h2-like\" >\n    Entdecken Sie unsere Dienstleistungen, unsere Zimmer und die Umgebung!<\/div>\n\n\n<div id=\"ls-maillage-block_57655a19b7194f7bc68c7e1098a414f4\" class=\"ls-maillage cta-style-normal has-m-t m-t-4\" data-rows=\"3\">\n    <div class=\"wp-block-columns\"><div class=\"wp-block-column\">\n\n<a href=\"https:\/\/fermebeauregard.com\/de\/vermietung-gite-pyrenees\/\" target=\"\" rel=\"noopener\" class=\"ls-cta__link\">\n\n\t<div class=\"ls-cta__image\"><img decoding=\"async\" src=\"https:\/\/fermebeauregard.com\/wp-content\/uploads\/2023\/02\/gite-calme-avec-vue-sur-pyrenees.jpg\" alt=\"gite calme avec vue sur les pyrenees\"><\/div>\n\t<div class=\"ls-cta__title\">\n\t\tDie Zimmer und G\u00eetes\t<\/div>\n\n\t\t\n<\/a><\/div><div class=\"wp-block-column\">\n\n<a href=\"https:\/\/fermebeauregard.com\/de\/tourismus-aktivitaeten-pyrenees\/\" target=\"\" rel=\"noopener\" class=\"ls-cta__link\">\n\n\t<div class=\"ls-cta__image\"><img decoding=\"async\" src=\"https:\/\/fermebeauregard.com\/wp-content\/uploads\/2023\/02\/activites-chambre-hote-gite-beauregard.jpg\" alt=\"activites en ariege\"><\/div>\n\t<div class=\"ls-cta__title\">\n\t\tAktivit\u00e4ten\t<\/div>\n\n\t\t\n<\/a><\/div><div class=\"wp-block-column\">\n\n<a href=\"https:\/\/fermebeauregard.com\/de\/haus-hotes-pyrenees\/\" target=\"\" rel=\"noopener\" class=\"ls-cta__link\">\n\n\t<div class=\"ls-cta__image\"><img decoding=\"async\" src=\"https:\/\/fermebeauregard.com\/wp-content\/uploads\/2023\/02\/chambre-table-hote-ariege-768x523.jpg\" alt=\"table d hote ariege\"><\/div>\n\t<div class=\"ls-cta__title\">\n\t\tTable d\u2019h\u00f4tes und Service\t<\/div>\n\n\t\t\n<\/a><\/div><\/div><\/div>\n\n    <\/div>\n<\/section>","protected":false},"excerpt":{"rendered":"","protected":false},"author":1,"featured_media":1821,"parent":0,"menu_order":0,"comment_status":"closed","ping_status":"closed","template":"","meta":{"_acf_changed":false,"footnotes":""},"sujet":[],"class_list":["post-1899","page","type-page","status-publish","has-post-thumbnail","hentry"],"acf":[],"_links":{"self":[{"href":"https:\/\/fermebeauregard.com\/de\/wp-json\/wp\/v2\/pages\/1899","targetHints":{"allow":["GET"]}}],"collection":[{"href":"https:\/\/fermebeauregard.com\/de\/wp-json\/wp\/v2\/pages"}],"about":[{"href":"https:\/\/fermebeauregard.com\/de\/wp-json\/wp\/v2\/types\/page"}],"author":[{"embeddable":true,"href":"https:\/\/fermebeauregard.com\/de\/wp-json\/wp\/v2\/users\/1"}],"replies":[{"embeddable":true,"href":"https:\/\/fermebeauregard.com\/de\/wp-json\/wp\/v2\/comments?post=1899"}],"version-history":[{"count":6,"href":"https:\/\/fermebeauregard.com\/de\/wp-json\/wp\/v2\/pages\/1899\/revisions"}],"predecessor-version":[{"id":2154,"href":"https:\/\/fermebeauregard.com\/de\/wp-json\/wp\/v2\/pages\/1899\/revisions\/2154"}],"wp:featuredmedia":[{"embeddable":true,"href":"https:\/\/fermebeauregard.com\/de\/wp-json\/wp\/v2\/media\/1821"}],"wp:attachment":[{"href":"https:\/\/fermebeauregard.com\/de\/wp-json\/wp\/v2\/media?parent=1899"}],"wp:term":[{"taxonomy":"sujet","embeddable":true,"href":"https:\/\/fermebeauregard.com\/de\/wp-json\/wp\/v2\/sujet?post=1899"}],"curies":[{"name":"wp","href":"https:\/\/api.w.org\/{rel}","templated":true}]}}