{"id":1901,"date":"2023-03-14T15:37:25","date_gmt":"2023-03-14T14:37:25","guid":{"rendered":"https:\/\/fermebeauregard.com\/haus-hotes-piscine-pyrenees\/"},"modified":"2026-02-11T16:27:53","modified_gmt":"2026-02-11T15:27:53","slug":"haus-hotes-piscine-pyrenees","status":"publish","type":"page","link":"https:\/\/fermebeauregard.com\/de\/haus-hotes-piscine-pyrenees\/","title":{"rendered":"Swimmingpool"},"content":{"rendered":"<section id=\"ls-section-block_c65fb30865bf57c103de45d663ab6fc8\" class=\"ls-section  page-chapeau has-p-t p-t-14\" >\n        <div class=\"container container--wide\">\n        \n\n<h1 class=\"ls__heading wp-block-heading has-text-align-center deco-verticale\">Der Pool der Ferienwohnungen und G\u00e4stezimmer mit Blick auf die Pyren\u00e4en<\/h1>\n\n\n\n<div id=\"ls-heading ls-titre-div-block_c5bcb78b6c6fac85a4363f8dafda91bf\" class=\"ls-titre-div aligncenter h1-like\" >\n    &#8222;Swimmingpool mit herrlichem Blick auf die Pyren\u00e4en&#8220;<\/div>\n\n\n    <\/div>\n<\/section><section id=\"ls-section-block_bbbc3da8b13a2faeda7877ebc29c04d5\" class=\"ls-section  page-one montagnes has-background has-color-1-background-color has-p-t p-t-14 has-p-b p-b-14\" >\n        <div class=\"container container--wide\">\n        \n\n<div class=\"wp-block-columns is-layout-flex wp-container-core-columns-is-layout-9d6595d7 wp-block-columns-is-layout-flex\">\n<div class=\"wp-block-column left is-layout-flow wp-block-column-is-layout-flow\">\n<figure class=\"wp-block-image size-full arrondi-haut-gauche arrondi-bas-droite animated fadeInUp slow\"><img decoding=\"async\" width=\"2048\" height=\"1536\" src=\"https:\/\/fermebeauregard.com\/wp-content\/uploads\/2023\/12\/IMG-20230925-WA0000.jpg\" alt=\"\" class=\"wp-image-3199\" srcset=\"https:\/\/fermebeauregard.com\/wp-content\/uploads\/2023\/12\/IMG-20230925-WA0000.jpg 2048w, https:\/\/fermebeauregard.com\/wp-content\/uploads\/2023\/12\/IMG-20230925-WA0000-300x225.jpg 300w, https:\/\/fermebeauregard.com\/wp-content\/uploads\/2023\/12\/IMG-20230925-WA0000-1024x768.jpg 1024w, https:\/\/fermebeauregard.com\/wp-content\/uploads\/2023\/12\/IMG-20230925-WA0000-768x576.jpg 768w, https:\/\/fermebeauregard.com\/wp-content\/uploads\/2023\/12\/IMG-20230925-WA0000-1536x1152.jpg 1536w\" sizes=\"(max-width: 2048px) 100vw, 2048px\" \/><\/figure>\n<\/div>\n\n\n\n<div class=\"wp-block-column right is-layout-flow wp-block-column-is-layout-flow\">\n<h2 class=\"ls__heading wp-block-heading deco-horizontale\">Der Pool des G\u00e4stehauses in Artigat<\/h2>\n\n\n\n<p class=\"ls-paragraph\">Wenn Sie eine charmante <strong>Unterkunft mit Swimmingpool<\/strong> in den Pyren\u00e4en Ari\u00e9geoises suchen, ist die <a href=\"https:\/\/fermebeauregard.com\/de\/\">Ferme Beauregard<\/a> der ideale Ort f\u00fcr Sie. Mit einer Gr\u00f6\u00dfe von 6x12m und einer Tiefe von 1,50m bietet Ihnen der Pool der Ferme Beauregard einen traumhaften Platz f\u00fcr ein erholsames Bad. <\/p>\n\n\n\n<p class=\"ls-paragraph\">G\u00f6nnen Sie sich ein paar Stunden &#8230; Machen Sie es sich auf einer Liege am Pool gem\u00fctlich und lassen Sie Ihrer Fantasie freien Lauf, w\u00e4hrend Sie den herrlichen <strong>Blick auf die Pyren\u00e4en genie\u00dfen<\/strong>.<\/p>\n\n\n\n<p class=\"ls-paragraph\">Schwimmen, ein ausgiebiges Nickerchen am Pool machen oder sich die Zeit nehmen, um ein Buch zu lesen? Wie eine Oase inmitten eines riesigen Gartens, lassen Sie sich vom Alltag ablenken und genie\u00dfen Sie diesen einzigartigen Moment.<\/p>\n<\/div>\n<\/div>\n\n\n    <\/div>\n<\/section><section id=\"ls-section-block_90f37548685d4d455d7a8fbcf73a355a\" class=\"ls-section  page-two branche has-background has-color-5-background-color\" >\n        <div class=\"container container--wide\">\n        \n\n<div class=\"wp-block-columns is-layout-flex wp-container-core-columns-is-layout-9d6595d7 wp-block-columns-is-layout-flex\">\n<div class=\"wp-block-column is-vertically-aligned-center left is-layout-flow wp-block-column-is-layout-flow\">\n<h2 class=\"ls__heading wp-block-heading deco-horizontale\">Swimmingpool mit Blick auf die Pyren\u00e4en<\/h2>\n\n\n\n<p class=\"ls-paragraph\">Mit seinem <strong>Pool<\/strong> und dem atemberaubenden Blick auf die Berge der Pyren\u00e4en bietet Ihnen das B&amp;B Ferme Beauregard den Raum zur <strong>Entspannung<\/strong>, den Sie f\u00fcr einen gelungenen Urlaub brauchen. Dies ist der ideale Ort, um sich Zeit f\u00fcr sich selbst zu nehmen und und seinen Bed\u00fcrfnissen nachgehen.<\/p>\n<\/div>\n\n\n\n<div class=\"wp-block-column is-vertically-aligned-center is-layout-flow wp-block-column-is-layout-flow\">\n<figure class=\"wp-block-image size-full arrondi-bas-gauche animated fadeInRight slow\"><img decoding=\"async\" width=\"2048\" height=\"1536\" src=\"https:\/\/fermebeauregard.com\/wp-content\/uploads\/2023\/12\/IMG-20231010-WA0004.jpg\" alt=\"\" class=\"wp-image-3207\" srcset=\"https:\/\/fermebeauregard.com\/wp-content\/uploads\/2023\/12\/IMG-20231010-WA0004.jpg 2048w, https:\/\/fermebeauregard.com\/wp-content\/uploads\/2023\/12\/IMG-20231010-WA0004-300x225.jpg 300w, https:\/\/fermebeauregard.com\/wp-content\/uploads\/2023\/12\/IMG-20231010-WA0004-1024x768.jpg 1024w, https:\/\/fermebeauregard.com\/wp-content\/uploads\/2023\/12\/IMG-20231010-WA0004-768x576.jpg 768w, https:\/\/fermebeauregard.com\/wp-content\/uploads\/2023\/12\/IMG-20231010-WA0004-1536x1152.jpg 1536w\" sizes=\"(max-width: 2048px) 100vw, 2048px\" \/><\/figure>\n<\/div>\n<\/div>\n\n\n\n<div class=\"wp-block-columns is-layout-flex wp-container-core-columns-is-layout-9d6595d7 wp-block-columns-is-layout-flex\">\n<div class=\"wp-block-column is-vertically-aligned-center is-layout-flow wp-block-column-is-layout-flow\">\n<figure class=\"wp-block-image size-full arrondi-haut-droite animated fadeInLeft delay-100ms slow\"><img decoding=\"async\" width=\"750\" height=\"563\" src=\"https:\/\/fermebeauregard.com\/wp-content\/uploads\/2023\/02\/piscine-du-gite-beauregard-pyrenees.jpg\" alt=\"Pool des Gite Beauregard\" class=\"wp-image-878\" srcset=\"https:\/\/fermebeauregard.com\/wp-content\/uploads\/2023\/02\/piscine-du-gite-beauregard-pyrenees.jpg 750w, https:\/\/fermebeauregard.com\/wp-content\/uploads\/2023\/02\/piscine-du-gite-beauregard-pyrenees-300x225.jpg 300w\" sizes=\"(max-width: 750px) 100vw, 750px\" \/><\/figure>\n<\/div>\n\n\n\n<div class=\"wp-block-column is-vertically-aligned-center right is-layout-flow wp-block-column-is-layout-flow\">\n<h2 class=\"ls__heading wp-block-heading deco-horizontale\">Entspannungsurlaub am Pool in der Ari\u00e8ge<\/h2>\n\n\n\n<p class=\"ls-paragraph\">Nach einer Wanderung, einem Spaziergang oder einem Besuch in den D\u00f6rfern der Ari\u00e8ge k\u00f6nnen Sie in diesen <strong>sch\u00f6nen Pool eintauchen<\/strong>. Die wohltuende Wirkung des Wassers wird sich nach einem intensiven Tourismustag, an dem die Muskeln stark beansprucht wurden, den ganzen K\u00f6rper positiv auswirken.<\/p>\n\n\n\n<p class=\"ls-paragraph\">Erholen Sie sich auf <strong>einem der Liegest\u00fchle und lassen<\/strong> Sie sich von der herrlichen Aussicht verzaubern, und vom Vogelgezwitscher berieseln. In Artigat, am Rande des Pools, bleibt die Zeit stehen &#8230; f\u00fcr einen Moment der Entspannung, in dem der Alltag keine Rolle mehr spielt.<\/p>\n\n\n\n<p class=\"ls-paragraph\"><strong>Erquickende Erfrischung<\/strong> an warmen Sommertagen. Tauchen Sie ein und g\u00f6nnen Sie Ihren K\u00f6rpern die wohl verdiente Wonne.<\/p>\n<\/div>\n<\/div>\n\n\n    <\/div>\n<\/section><section id=\"ls-section-block_4e8fe3614fdc88e1a9ab8e424e3ec35f\" class=\"ls-section  page-parallax has-background-image has-parallax has-background has-color-1-background-color has-p-t p-t-14 has-p-b p-b-14\" >\n    <div class=\"ls-section__background-image opacity-60\"><img decoding=\"async\" src=\"https:\/\/fermebeauregard.com\/wp-content\/uploads\/2023\/02\/gite-avec-piscine-en-ariege.jpg\" alt=\"gite avec piscine en ariege\"><\/div>    <div class=\"container \">\n        \n\n<div id=\"ls-heading ls-titre-div-block_a559ad04a48ee37e1e81464e967a28d7\" class=\"ls-titre-div deco-verticale aligncenter h2-like\" >\n    Was denken unsere Kunden \u00fcber den Pool?<\/div>\n\n\n<div class=\"avis-container-pages\"><div class=\"avis\"><div class=\"avis-content-container\"><div class=\"avis-text-container\"><div class=\"avis-name\">Margreet D.<\/div><div class=\"avis-note\">\n                <span><i class=\"beauregard-star\"><\/i><\/span><span><i class=\"beauregard-star\"><\/i><\/span><span><i class=\"beauregard-star\"><\/i><\/span><span><i class=\"beauregard-star\"><\/i><\/span><span><i class=\"beauregard-star\"><\/i><\/span>\n                <\/div><div class=\"avis-content\"><p>Ein sch\u00f6nes Ferienhaus mit einem sch\u00f6nen Garten und einem sch\u00f6nen Pool, aber dieser Panoramablick auf die Pyren\u00e4en rundet das sch\u00f6ne Bild wirklich ab: unbeschreiblich sch\u00f6n!<\/p>\n<\/div><\/div><\/div><\/div><div class=\"avis\"><div class=\"avis-content-container\"><div class=\"avis-text-container\"><div class=\"avis-name\">Musette G.<\/div><div class=\"avis-note\">\n                <span><i class=\"beauregard-star\"><\/i><\/span><span><i class=\"beauregard-star\"><\/i><\/span><span><i class=\"beauregard-star\"><\/i><\/span><span><i class=\"beauregard-star\"><\/i><\/span><span><i class=\"beauregard-star\"><\/i><\/span>\n                <\/div><div class=\"avis-content\"><p>La Ferme Beauregard wundersch\u00f6n gelegen und jedes Mal ein Vergn\u00fcgen mit einem gro\u00dfen P. Der Pool mit Blick auf die Pyren\u00e4en bietet eine Erfrischung. Und in dem gepflegten und \u00fcppig bl\u00fchenden Garten sind \u00fcberall Pl\u00e4tze geschaffen worden, an denen Sie sich hinsetzen und f\u00fcr einen Moment zur\u00fcckziehen k\u00f6nnen. Kurz gesagt, wenn Sie einen Ort suchen, an dem Sie sich v\u00f6llig entspannen, sich verw\u00f6hnen lassen und viele Gelegenheiten zum Ausgehen haben, dann kann ich Ihnen die Ferme Beauregard w\u00e4rmstens empfehlen.<\/p>\n<\/div><\/div><\/div><\/div><\/div>\n\n\n    <\/div>\n<\/section><section id=\"ls-section-block_eb31f126c3df7869767e9b680a65302f\" class=\"ls-section  page-maillage has-p-t p-t-14 has-p-b p-b-14\" >\n        <div class=\"container container--wide\">\n        \n\n<div id=\"ls-heading ls-titre-div-block_397c2f1c0edcd045fceade6e82c9f4ec\" class=\"ls-titre-div deco-verticale deco-maison aligncenter h2-like\" >\n    Entdecken Sie unsere Dienstleistungen, unsere Zimmer und unsere Preise!<\/div>\n\n\n<div id=\"ls-maillage-block_c09fcf3681a6652896197183f703722e\" class=\"ls-maillage cta-style-normal has-m-t m-t-4\" data-rows=\"3\">\n    <div class=\"wp-block-columns\"><div class=\"wp-block-column\">\n\n<a href=\"https:\/\/fermebeauregard.com\/de\/vermietung-gite-pyrenees\/\" target=\"\" rel=\"noopener\" class=\"ls-cta__link\">\n\n\t<div class=\"ls-cta__image\"><img decoding=\"async\" src=\"https:\/\/fermebeauregard.com\/wp-content\/uploads\/2023\/02\/gite-calme-avec-vue-sur-pyrenees.jpg\" alt=\"gite calme avec vue sur les pyrenees\"><\/div>\n\t<div class=\"ls-cta__title\">\n\t\tDie Zimmer und G\u00eetes\t<\/div>\n\n\t\t\n<\/a><\/div><div class=\"wp-block-column\">\n\n<a href=\"https:\/\/fermebeauregard.com\/de\/guenstiges-ferienhaus-pyrenees\/\" target=\"\" rel=\"noopener\" class=\"ls-cta__link\">\n\n\t<div class=\"ls-cta__image\"><img decoding=\"async\" src=\"https:\/\/fermebeauregard.com\/wp-content\/uploads\/2023\/02\/gite-pas-cher-en-ariege.jpg\" alt=\"gite pas cher ariege\"><\/div>\n\t<div class=\"ls-cta__title\">\n\t\tTarife\t<\/div>\n\n\t\t\n<\/a><\/div><div class=\"wp-block-column\">\n\n<a href=\"https:\/\/fermebeauregard.com\/de\/haus-hotes-pyrenees\/\" target=\"\" rel=\"noopener\" class=\"ls-cta__link\">\n\n\t<div class=\"ls-cta__image\"><img decoding=\"async\" src=\"https:\/\/fermebeauregard.com\/wp-content\/uploads\/2023\/02\/chambre-table-hote-ariege-768x523.jpg\" alt=\"table d hote ariege\"><\/div>\n\t<div class=\"ls-cta__title\">\n\t\tTable d\u2019h\u00f4tes und Service\t<\/div>\n\n\t\t\n<\/a><\/div><\/div><\/div>\n\n    <\/div>\n<\/section>","protected":false},"excerpt":{"rendered":"","protected":false},"author":1,"featured_media":1802,"parent":0,"menu_order":0,"comment_status":"closed","ping_status":"closed","template":"","meta":{"_acf_changed":false,"footnotes":""},"sujet":[],"class_list":["post-1901","page","type-page","status-publish","has-post-thumbnail","hentry"],"acf":[],"_links":{"self":[{"href":"https:\/\/fermebeauregard.com\/de\/wp-json\/wp\/v2\/pages\/1901","targetHints":{"allow":["GET"]}}],"collection":[{"href":"https:\/\/fermebeauregard.com\/de\/wp-json\/wp\/v2\/pages"}],"about":[{"href":"https:\/\/fermebeauregard.com\/de\/wp-json\/wp\/v2\/types\/page"}],"author":[{"embeddable":true,"href":"https:\/\/fermebeauregard.com\/de\/wp-json\/wp\/v2\/users\/1"}],"replies":[{"embeddable":true,"href":"https:\/\/fermebeauregard.com\/de\/wp-json\/wp\/v2\/comments?post=1901"}],"version-history":[{"count":4,"href":"https:\/\/fermebeauregard.com\/de\/wp-json\/wp\/v2\/pages\/1901\/revisions"}],"predecessor-version":[{"id":3614,"href":"https:\/\/fermebeauregard.com\/de\/wp-json\/wp\/v2\/pages\/1901\/revisions\/3614"}],"wp:featuredmedia":[{"embeddable":true,"href":"https:\/\/fermebeauregard.com\/de\/wp-json\/wp\/v2\/media\/1802"}],"wp:attachment":[{"href":"https:\/\/fermebeauregard.com\/de\/wp-json\/wp\/v2\/media?parent=1901"}],"wp:term":[{"taxonomy":"sujet","embeddable":true,"href":"https:\/\/fermebeauregard.com\/de\/wp-json\/wp\/v2\/sujet?post=1901"}],"curies":[{"name":"wp","href":"https:\/\/api.w.org\/{rel}","templated":true}]}}