{"id":1907,"date":"2023-03-14T15:48:56","date_gmt":"2023-03-14T14:48:56","guid":{"rendered":"https:\/\/fermebeauregard.com\/haus-hotes-pyrenees\/"},"modified":"2026-02-11T16:30:23","modified_gmt":"2026-02-11T15:30:23","slug":"haus-hotes-pyrenees","status":"publish","type":"page","link":"https:\/\/fermebeauregard.com\/de\/haus-hotes-pyrenees\/","title":{"rendered":"Table d&#8217;H\u00f4tes &amp; Dienstleistungen"},"content":{"rendered":"<section id=\"ls-section-block_01326d8261eddadbe1e406396bf287af\" class=\"ls-section  page-chapeau has-p-t p-t-14\" >\n        <div class=\"container container--wide\">\n        \n\n<h1 class=\"ls__heading wp-block-heading has-text-align-center deco-verticale\">G\u00e4stetisch und Dienstleistungen des G\u00e4stehauses<\/h1>\n\n\n    <\/div>\n<\/section><section id=\"ls-section-block_9345be200feb195c77fdb9f8deefdf81\" class=\"ls-section  page-one montagnes has-background has-color-1-background-color has-p-t p-t-14 has-p-b p-b-14\" >\n        <div class=\"container container--wide\">\n        \n\n<div class=\"wp-block-columns is-layout-flex wp-container-core-columns-is-layout-9d6595d7 wp-block-columns-is-layout-flex\">\n<div class=\"wp-block-column is-vertically-aligned-center left is-layout-flow wp-block-column-is-layout-flow\">\n<figure class=\"wp-block-image size-full arrondi-haut-gauche arrondi-bas-droite animated fadeInUp slow\"><a href=\"https:\/\/fermebeauregard.com\/wp-content\/uploads\/2023\/02\/marcelo-nicole-patrick.webp\"><img decoding=\"async\" width=\"900\" height=\"450\" src=\"https:\/\/fermebeauregard.com\/wp-content\/uploads\/2023\/02\/marcelo-nicole-patrick.webp\" alt=\"Marcelo Nicole Patrick\" class=\"wp-image-1349\" srcset=\"https:\/\/fermebeauregard.com\/wp-content\/uploads\/2023\/02\/marcelo-nicole-patrick.webp 900w, https:\/\/fermebeauregard.com\/wp-content\/uploads\/2023\/02\/marcelo-nicole-patrick-300x150.webp 300w, https:\/\/fermebeauregard.com\/wp-content\/uploads\/2023\/02\/marcelo-nicole-patrick-768x384.webp 768w\" sizes=\"(max-width: 900px) 100vw, 900px\" \/><\/a><\/figure>\n<\/div>\n\n\n\n<div class=\"wp-block-column right p-b-15 is-layout-flow wp-block-column-is-layout-flow\">\n<h2 class=\"ls__heading wp-block-heading deco-horizontale\">Das Beauregard-Team: Marcelo, Nicole &amp; Patrick<\/h2>\n\n\n\n<p class=\"ls-paragraph\">Nicole hat mehrere Jahre Erfahrung in der <strong>Tourismus- und Hotelbranche.<\/strong> Sie arbeitete mehrere Jahre in einem Reiseb\u00fcro in der Schweiz und ging 2007 nach San Rafael in Argentinien, um das kleine Landhotel &#8222;Finca La Carmelita&#8220; zu gr\u00fcnden, das sie zehn Jahre lang mit Leidenschaft f\u00fchrte.<\/p>\n\n\n\n<p class=\"ls-paragraph\">Nach ihrer R\u00fcckkehr nach Europa beschlossen sie, ihr argentinischer Ehemann Marcelo und ihr Bruder Patrick, sich in der Ari\u00e8ge niederzulassen, um in der wundersch\u00f6nen <strong>BnB-Anlage Ferme Beauregard Les Pyr\u00e9n\u00e9es<\/strong> G\u00e4ste und Freunde aus der ganzen Welt zu empfangen.<\/p>\n<\/div>\n<\/div>\n\n\n    <\/div>\n<\/section><section id=\"ls-section-block_fa00de21720b1dab75cf54496d3182c2\" class=\"ls-section  page-two branche\" >\n        <div class=\"container container--wide\">\n        \n\n<div class=\"wp-block-columns is-layout-flex wp-container-core-columns-is-layout-9d6595d7 wp-block-columns-is-layout-flex\">\n<div class=\"wp-block-column is-vertically-aligned-center left is-layout-flow wp-block-column-is-layout-flow\">\n<h2 class=\"ls__heading wp-block-heading deco-horizontale\">Ihr Bed and Breakfast gegen\u00fcber den Pyren\u00e4en Ari\u00e9geoises<\/h2>\n\n\n\n<p class=\"ls-paragraph\">Im Esszimmer, der <a href=\"https:\/\/fermebeauregard.com\/de\/\">Ferme Beauregard in Ari\u00e8ge<\/a>, gibt es eine Sitzecke, eine Bar, einen Kamin und gro\u00dfe Fenstert\u00fcren, die auf die Terrasse mit Blick auf die <strong>Pyren\u00e4en f\u00fchren<\/strong>.<\/p>\n\n\n\n<ul class=\"ls-list wp-block-list\">\n\n<li><strong>Fr\u00fchst\u00fcck<\/strong><\/li>\n\n<\/ul>\n\n\n\n<p class=\"ls-paragraph\">Wir servieren Ihnen ein leckeres Fr\u00fchst\u00fcck mit <strong>hausgemachter Marmelade<\/strong>, <strong>Brot<\/strong>, <strong>hausgemachten Kuchen<\/strong>, <strong>K\u00e4se<\/strong>, Schinken, Obst der Saison, M\u00fcsli, Joghurt und Eiern, ganz nach Ihrem Geschmack. Ihr Fr\u00fchst\u00fcck wird mit Tee, Kaffee, Schokolade und Fruchts\u00e4ften serviert.<\/p>\n\n\n\n<ul class=\"ls-list wp-block-list\">\n\n<li><strong>Table d&#8217;h\u00f4tes &#8211; am Abend<\/strong><\/li>\n\n<\/ul>\n\n\n\n<p class=\"ls-paragraph\">W\u00e4hrend Ihres Aufenthalts k\u00f6nnen Sie einen besonders geselligen Moment an unserem G\u00e4stetisch genie\u00dfen. Sie werden <strong>mit regionalen<\/strong> und internationalen Gerichten und Fusionen verw\u00f6hnt, die aus frischen und <strong>saisonalen Produkten zubereitet werden<\/strong>. Eine schmackhafte und farbenfrohe K\u00fcche!<\/p>\n<\/div>\n\n\n\n<div class=\"wp-block-column is-vertically-aligned-center is-layout-flow wp-block-column-is-layout-flow\">\n<figure class=\"wp-block-image size-large arrondi-bas-gauche animated fadeInRight slow\"><img decoding=\"async\" width=\"768\" height=\"1024\" src=\"https:\/\/fermebeauregard.com\/wp-content\/uploads\/2023\/12\/20230613_202912-768x1024.jpg\" alt=\"\" class=\"wp-image-3171\" srcset=\"https:\/\/fermebeauregard.com\/wp-content\/uploads\/2023\/12\/20230613_202912-768x1024.jpg 768w, https:\/\/fermebeauregard.com\/wp-content\/uploads\/2023\/12\/20230613_202912-225x300.jpg 225w, https:\/\/fermebeauregard.com\/wp-content\/uploads\/2023\/12\/20230613_202912-1152x1536.jpg 1152w, https:\/\/fermebeauregard.com\/wp-content\/uploads\/2023\/12\/20230613_202912-1536x2048.jpg 1536w, https:\/\/fermebeauregard.com\/wp-content\/uploads\/2023\/12\/20230613_202912-scaled.jpg 1920w\" sizes=\"(max-width: 768px) 100vw, 768px\" \/><\/figure>\n<\/div>\n<\/div>\n\n\n\n<div class=\"wp-block-columns is-layout-flex wp-container-core-columns-is-layout-9d6595d7 wp-block-columns-is-layout-flex\">\n<div class=\"wp-block-column is-vertically-aligned-center is-layout-flow wp-block-column-is-layout-flow\">\n<figure class=\"wp-block-image size-full arrondi-haut-droite animated fadeInLeft delay-100ms slow\"><img decoding=\"async\" width=\"2560\" height=\"1920\" src=\"https:\/\/fermebeauregard.com\/wp-content\/uploads\/2023\/12\/20231113_124741-scaled.jpg\" alt=\"\" class=\"wp-image-3176\" srcset=\"https:\/\/fermebeauregard.com\/wp-content\/uploads\/2023\/12\/20231113_124741-scaled.jpg 2560w, https:\/\/fermebeauregard.com\/wp-content\/uploads\/2023\/12\/20231113_124741-300x225.jpg 300w, https:\/\/fermebeauregard.com\/wp-content\/uploads\/2023\/12\/20231113_124741-1024x768.jpg 1024w, https:\/\/fermebeauregard.com\/wp-content\/uploads\/2023\/12\/20231113_124741-768x576.jpg 768w, https:\/\/fermebeauregard.com\/wp-content\/uploads\/2023\/12\/20231113_124741-1536x1152.jpg 1536w, https:\/\/fermebeauregard.com\/wp-content\/uploads\/2023\/12\/20231113_124741-2048x1536.jpg 2048w\" sizes=\"(max-width: 2560px) 100vw, 2560px\" \/><\/figure>\n<\/div>\n\n\n\n<div class=\"wp-block-column is-vertically-aligned-center right is-layout-flow wp-block-column-is-layout-flow\">\n<p class=\"ls-paragraph\">Es erwarten Sie sch\u00f6ne Begegnungen mit den Gastgebern, bei improvisierten Aperitifs, <strong>Momente des Austauschs und der Geselligkeit<\/strong>. Das Abendessen wird Ihnen gegen 19 Uhr am Gemeinschaftstisch oder drau\u00dfen auf der Terrasse serviert.<\/p>\n\n\n\n<p class=\"ls-paragraph\">Vorspeise, Hauptgericht und Dessert werden sorgf\u00e4ltig zusammengestellt. <strong>Hier ist alles &#8222;hausgemacht&#8220;,<\/strong> keine Schummelei!<\/p>\n\n\n\n<p class=\"ls-paragraph\">Wir werden Ihre W\u00fcnsche bez\u00fcglich Ihrer Lebensmittelauswahl (fleischhaltige oder vegetarische Men\u00fcs, Nahrungsmittelunvertr\u00e4glichkeiten) ber\u00fccksichtigen.<\/p>\n\n\n\n<p class=\"ls-paragraph\">Eine kleine, regionale Weinkarte wird Ihnen angeboten und l\u00e4dt Sie dazu ein, die authentischen <strong>Geschm\u00e4cker der umliegenden Weintg\u00fcter zu entdecken<\/strong>.<\/p>\n\n\n\n<p class=\"ls-paragraph\"><\/p>\n<\/div>\n<\/div>\n\n\n    <\/div>\n<\/section><section id=\"services\" class=\"ls-section  page-one has-background has-color-1-background-color has-p-t p-t-14 has-p-b p-b-14\" >\n        <div class=\"container container--wide\">\n        \n\n<div class=\"wp-block-columns is-layout-flex wp-container-core-columns-is-layout-9d6595d7 wp-block-columns-is-layout-flex\">\n<div class=\"wp-block-column right is-layout-flow wp-block-column-is-layout-flow\">\n<h2 class=\"ls__heading wp-block-heading deco-horizontale\">Unser Service<\/h2>\n\n\n\n<ul class=\"ls-list wp-block-list\">\n\n<li><strong>Service &#8222;W\u00e4sche&#8220;<\/strong><\/li>\n\n<\/ul>\n\n\n\n<p class=\"ls-paragraph\">Da es weder in den Ferienwohnungen noch in den G\u00e4stezimmern Waschmaschinen gibt, bieten <strong>wir Ihnen gegen einen kleinen Aufpreis unseren W\u00e4scheservice an<\/strong>.<\/p>\n\n\n\n<ul class=\"ls-list wp-block-list\">\n\n<li><strong>Haustiere sind erlaubt<\/strong> &#8211; <mark style=\"background-color:rgba(0, 0, 0, 0)\" class=\"has-inline-color has-color-white-color\">wenn sie unsere Haustiere akzeptieren \ud83d\ude09<\/mark>.<\/li>\n\n<\/ul>\n\n\n\n<p class=\"ls-paragraph\">Wir hei\u00dfen Ihre vierbeinigen Freunde unabh\u00e4ngig von ihrer Gr\u00f6\u00dfe herzlich willkommen. Hier gibt es keine Diskriminierung! Wenn Ihr Tier keine sozialen Probleme mit unseren Tieren oder den Tieren unserer G\u00e4ste hat, ist es sogar sehr willkommen.<\/p>\n\n\n\n<p class=\"ls-paragraph\">Ein kleiner Aufschlag von 7\u20ac pro Tag wird Verrechnet.<\/p>\n\n\n\n<p class=\"ls-paragraph\">Im Restaurant werden Sie gebeten, ihn an der Leine zu f\u00fchren.<\/p>\n\n\n\n<p class=\"ls-paragraph\">Z\u00f6gern Sie nicht, sich an uns zu wenden, wir k\u00f6nnen Ihnen einige <strong>dog friendly Adressen in der Umgebung nennen<\/strong>!<\/p>\n<\/div>\n\n\n\n<div class=\"wp-block-column left is-layout-flow wp-block-column-is-layout-flow\">\n<figure class=\"wp-block-image size-full arrondi-haut-gauche arrondi-bas-droite animated fadeInUp slow\"><img decoding=\"async\" width=\"750\" height=\"563\" src=\"https:\/\/fermebeauregard.com\/wp-content\/uploads\/2023\/02\/hambre-d-hote-acceptant-les-animaux.jpg\" alt=\"g&#xE4;stezimmer tierfreundlich\" class=\"wp-image-899\" srcset=\"https:\/\/fermebeauregard.com\/wp-content\/uploads\/2023\/02\/hambre-d-hote-acceptant-les-animaux.jpg 750w, https:\/\/fermebeauregard.com\/wp-content\/uploads\/2023\/02\/hambre-d-hote-acceptant-les-animaux-300x225.jpg 300w\" sizes=\"(max-width: 750px) 100vw, 750px\" \/><\/figure>\n<\/div>\n<\/div>\n\n\n    <\/div>\n<\/section><section id=\"ls-section-block_ae985e7810513b2c71dc7a727c92eb97\" class=\"ls-section  page-parallax has-background-image has-parallax has-background has-color-1-background-color has-p-t p-t-14 has-p-b p-b-14\" >\n    <div class=\"ls-section__background-image opacity-60\"><img decoding=\"async\" src=\"https:\/\/fermebeauregard.com\/wp-content\/uploads\/2023\/02\/la-ferme-beauregard-pyrenees.jpg\" alt=\"ferme beauregard pyrenees\"><\/div>    <div class=\"container \">\n        \n\n<div id=\"ls-heading ls-titre-div-block_2156d084cac1de45a80a7eaea84ae60c\" class=\"ls-titre-div deco-verticale aligncenter h2-like\" >\n    Was denken unsere Kunden \u00fcber unsere Dienstleistungen?<\/div>\n\n\n<div class=\"avis-container-pages\"><div class=\"avis\"><div class=\"avis-content-container\"><div class=\"avis-text-container\"><div class=\"avis-name\">Jaap B.<\/div><div class=\"avis-note\">\n                <span><i class=\"beauregard-star\"><\/i><\/span><span><i class=\"beauregard-star\"><\/i><\/span><span><i class=\"beauregard-star\"><\/i><\/span><span><i class=\"beauregard-star\"><\/i><\/span><span><i class=\"beauregard-star\"><\/i><\/span>\n                <\/div><div class=\"avis-content\"><p>Toller Ort in S\u00fcdfrankreich, wo der Blick auf die Pyren\u00e4en Sie jeden Tag aufs Neue \u00fcberrascht. Das Fr\u00fchst\u00fcck ist k\u00f6stlich und am Abend werden Sie mit einem leckeren Abendessen oder einem Grillabend verw\u00f6hnt. Die Zimmer sind ger\u00e4umig und sauber und die Betten perfekt. In der Region gibt es viel zu sehen und zu tun. Kurz gesagt, sehr empfehlenswert!!!<\/p>\n<\/div><\/div><\/div><\/div><div class=\"avis\"><div class=\"avis-content-container\"><div class=\"avis-text-container\"><div class=\"avis-name\">Colin K.<\/div><div class=\"avis-note\">\n                <span><i class=\"beauregard-star\"><\/i><\/span><span><i class=\"beauregard-star\"><\/i><\/span><span><i class=\"beauregard-star\"><\/i><\/span><span><i class=\"beauregard-star\"><\/i><\/span><span><i class=\"beauregard-star\"><\/i><\/span>\n                <\/div><div class=\"avis-content\"><p>Ein wundersch\u00f6ner Ort mit, wie der Name schon sagt, einer tollen Aussicht auf die Pyren\u00e4en (an klaren Tagen sehr beeindruckend). Nette und hilfsbereite Menschen, die daf\u00fcr sorgen, dass Sie sich wie zu Hause f\u00fchlen und k\u00f6stliche Speisen zubereiten, sei es Fr\u00fchst\u00fcck, Mittagessen oder ein Vier-G\u00e4nge-Abendessen. Die Interaktion mit den anderen G\u00e4sten ist sehr angenehm und man f\u00fchlt sich in der Gruppe, die man fast schon als famili\u00e4r bezeichnen kann, schnell zu Hause. [&#8230;] Ich habe die Absicht, wiederzukommen, wie es buchst\u00e4blich alle anderen Menschen tun, denen ich von diesem Ort erz\u00e4hlt habe.<\/p>\n<\/div><\/div><\/div><\/div><\/div>\n\n\n    <\/div>\n<\/section><section id=\"ls-section-block_fb73cad9a8d67f696bbc9fc61cd0c37a\" class=\"ls-section  page-maillage has-p-t p-t-14 has-p-b p-b-14\" >\n        <div class=\"container container--wide\">\n        \n\n<div id=\"ls-heading ls-titre-div-block_67cbb52d6a07822e0fb9e873a5f739bf\" class=\"ls-titre-div deco-verticale deco-maison aligncenter h2-like\" >\n    Entdecken Sie den Pool, unsere Zimmer und unsere Preise!<\/div>\n\n\n<div id=\"ls-maillage-block_058a7862138e9a7a4dca720fc9fed503\" class=\"ls-maillage cta-style-normal has-m-t m-t-4\" data-rows=\"3\">\n    <div class=\"wp-block-columns\"><div class=\"wp-block-column\">\n\n<a href=\"https:\/\/fermebeauregard.com\/de\/vermietung-gite-pyrenees\/\" target=\"\" rel=\"noopener\" class=\"ls-cta__link\">\n\n\t<div class=\"ls-cta__image\"><img decoding=\"async\" src=\"https:\/\/fermebeauregard.com\/wp-content\/uploads\/2023\/02\/gite-calme-avec-vue-sur-pyrenees.jpg\" alt=\"gite calme avec vue sur les pyrenees\"><\/div>\n\t<div class=\"ls-cta__title\">\n\t\tDie Zimmer und G\u00eetes\t<\/div>\n\n\t\t\n<\/a><\/div><div class=\"wp-block-column\">\n\n<a href=\"https:\/\/fermebeauregard.com\/de\/haus-hotes-piscine-pyrenees\/\" target=\"\" rel=\"noopener\" class=\"ls-cta__link\">\n\n\t<div class=\"ls-cta__image\"><img decoding=\"async\" src=\"https:\/\/fermebeauregard.com\/wp-content\/uploads\/2023\/02\/gite-avec-piscine-dans-les-pyrenees.jpg\" alt=\"gite piscine pyrenees\"><\/div>\n\t<div class=\"ls-cta__title\">\n\t\tDer Pool\t<\/div>\n\n\t\t\n<\/a><\/div><div class=\"wp-block-column\">\n\n<a href=\"https:\/\/fermebeauregard.com\/de\/guenstiges-ferienhaus-pyrenees\/\" target=\"\" rel=\"noopener\" class=\"ls-cta__link\">\n\n\t<div class=\"ls-cta__image\"><img decoding=\"async\" src=\"https:\/\/fermebeauregard.com\/wp-content\/uploads\/2023\/02\/gite-pas-cher-en-ariege.jpg\" alt=\"gite pas cher ariege\"><\/div>\n\t<div class=\"ls-cta__title\">\n\t\tTarife\t<\/div>\n\n\t\t\n<\/a><\/div><\/div><\/div>\n\n    <\/div>\n<\/section>","protected":false},"excerpt":{"rendered":"","protected":false},"author":1,"featured_media":1829,"parent":0,"menu_order":0,"comment_status":"closed","ping_status":"closed","template":"","meta":{"_acf_changed":false,"footnotes":""},"sujet":[],"class_list":["post-1907","page","type-page","status-publish","has-post-thumbnail","hentry"],"acf":[],"_links":{"self":[{"href":"https:\/\/fermebeauregard.com\/de\/wp-json\/wp\/v2\/pages\/1907","targetHints":{"allow":["GET"]}}],"collection":[{"href":"https:\/\/fermebeauregard.com\/de\/wp-json\/wp\/v2\/pages"}],"about":[{"href":"https:\/\/fermebeauregard.com\/de\/wp-json\/wp\/v2\/types\/page"}],"author":[{"embeddable":true,"href":"https:\/\/fermebeauregard.com\/de\/wp-json\/wp\/v2\/users\/1"}],"replies":[{"embeddable":true,"href":"https:\/\/fermebeauregard.com\/de\/wp-json\/wp\/v2\/comments?post=1907"}],"version-history":[{"count":9,"href":"https:\/\/fermebeauregard.com\/de\/wp-json\/wp\/v2\/pages\/1907\/revisions"}],"predecessor-version":[{"id":3616,"href":"https:\/\/fermebeauregard.com\/de\/wp-json\/wp\/v2\/pages\/1907\/revisions\/3616"}],"wp:featuredmedia":[{"embeddable":true,"href":"https:\/\/fermebeauregard.com\/de\/wp-json\/wp\/v2\/media\/1829"}],"wp:attachment":[{"href":"https:\/\/fermebeauregard.com\/de\/wp-json\/wp\/v2\/media?parent=1907"}],"wp:term":[{"taxonomy":"sujet","embeddable":true,"href":"https:\/\/fermebeauregard.com\/de\/wp-json\/wp\/v2\/sujet?post=1907"}],"curies":[{"name":"wp","href":"https:\/\/api.w.org\/{rel}","templated":true}]}}