{"id":1489,"date":"2023-03-02T09:26:42","date_gmt":"2023-03-02T08:26:42","guid":{"rendered":"https:\/\/fermebeauregard.com\/tourism-activities-pyrenees\/"},"modified":"2023-03-31T08:48:12","modified_gmt":"2023-03-31T06:48:12","slug":"tourism-activities-pyrenees","status":"publish","type":"page","link":"https:\/\/fermebeauregard.com\/en\/tourism-activities-pyrenees\/","title":{"rendered":"To do"},"content":{"rendered":"<section id=\"ls-section-block_43026f2c6fa9a9aaa9de0f12d196fd92\" class=\"ls-section  page-chapeau has-p-t p-t-14\" >\n        <div class=\"container container--wide\">\n        \n\n<h1 class=\"ls__heading has-text-align-center deco-verticale wp-block-heading\">Activities close to the gite<\/h1>\n\n\n    <\/div>\n<\/section><section id=\"ls-section-block_eb123419e476d76ef803799b74025f39\" class=\"ls-section  page-one montagnes has-background has-color-1-background-color has-p-t p-t-14 has-p-b p-b-14\" >\n        <div class=\"container container--wide\">\n        \n\n<div class=\"wp-block-columns is-layout-flex wp-container-core-columns-is-layout-9d6595d7 wp-block-columns-is-layout-flex\">\n<div class=\"wp-block-column is-vertically-aligned-center left is-layout-flow wp-block-column-is-layout-flow\">\n<figure class=\"wp-block-image size-full arrondi-haut-gauche arrondi-bas-droite animated fadeInUp slow\"><img decoding=\"async\" width=\"750\" height=\"563\" src=\"https:\/\/fermebeauregard.com\/wp-content\/uploads\/2023\/02\/visiter-les-pyrenees-ariege.jpg\" alt=\"visit the pyrenees ariege\" class=\"wp-image-918\" srcset=\"https:\/\/fermebeauregard.com\/wp-content\/uploads\/2023\/02\/visiter-les-pyrenees-ariege.jpg 750w, https:\/\/fermebeauregard.com\/wp-content\/uploads\/2023\/02\/visiter-les-pyrenees-ariege-300x225.jpg 300w\" sizes=\"(max-width: 750px) 100vw, 750px\" \/><\/figure>\n<\/div>\n\n\n\n<div class=\"wp-block-column right is-layout-flow wp-block-column-is-layout-flow\">\n<p class=\"ls-paragraph\">La Ferme Beauregard is a small <strong>vacation home located in the French Pyrenees<\/strong>, south of Toulouse, in the department of <strong>Ari\u00e8ge<\/strong>. A wonderful place where you will live a pleasant vacation. A <strong>natural place<\/strong> where silence reigns. <\/p>\n\n\n\n<p class=\"ls-paragraph\">Ideal for <strong>a vacation in the Pyrenees<\/strong>, you can walk, bike, ride a motorcycle, swim or simply relax; in short, enjoy the French Pyrenees.<\/p>\n\n\n\n<h2 class=\"ls__heading deco-horizontale wp-block-heading\">Things to do in the Pyrenees<\/h2>\n\n\n\n<p class=\"ls-paragraph\">The B&amp;B Ferme Beauregard Les Pyr\u00e9n\u00e9es is a little corner of paradise located in the south of France, in the beautiful department of Ari\u00e8ge with a breathtaking view of the French Pyrenees.<\/p>\n\n\n\n<p class=\"ls-paragraph\">Stay in a <a href=\"https:\/\/fermebeauregard.com\/en\/rental-gite-pyrenees\/\"><mark style=\"background-color:rgba(0, 0, 0, 0)\" class=\"has-inline-color has-color-white-color\">gite or in a guest room<\/mark><\/a> in a peaceful place, surrounded by sublime landscapes. Nearby, discover historical and cultural sites and participate in sports and leisure activities.<\/p>\n<\/div>\n<\/div>\n\n\n    <\/div>\n<\/section><section id=\"ls-section-block_83e4f5d6bc1147831157073317d6cb2e\" class=\"ls-section  page-two branche\" >\n        <div class=\"container container--wide\">\n        \n\n<div class=\"wp-block-columns is-layout-flex wp-container-core-columns-is-layout-9d6595d7 wp-block-columns-is-layout-flex\">\n<div class=\"wp-block-column is-vertically-aligned-center left is-layout-flow wp-block-column-is-layout-flow\">\n<h2 class=\"ls__heading deco-horizontale wp-block-heading\">Sports activities in Ari\u00e8ge<\/h2>\n\n\n\n<p class=\"ls-paragraph\">For a bike ride in nature or for the more experienced cyclists, the Ari\u00e8ge, land of cycling, offers a wide choice of circuits.<\/p>\n\n\n\n<p class=\"ls-paragraph\">Are you an experienced rider or would you like <strong>to learn to ride?<\/strong> Near the B&amp;B Ferme Beauregard are equestrian centers that will make you happy.<\/p>\n\n\n\n<p class=\"ls-paragraph\">Want to ski? The resort of Ax-les-Thermes is only 70 minutes from your rental.<\/p>\n\n\n\n<p class=\"ls-paragraph\">Experience <strong>the thrill<\/strong> of paragliding or rock climbing.<\/p>\n<\/div>\n\n\n\n<div class=\"wp-block-column is-vertically-aligned-center is-layout-flow wp-block-column-is-layout-flow\">\n<figure class=\"wp-block-image size-full arrondi-bas-gauche animated fadeInRight slow\"><img decoding=\"async\" width=\"750\" height=\"563\" src=\"https:\/\/fermebeauregard.com\/wp-content\/uploads\/2023\/02\/centres-equestres-dans-les-pyrenees.jpg\" alt=\"equestrian center in the pyrenees\" class=\"wp-image-914\" srcset=\"https:\/\/fermebeauregard.com\/wp-content\/uploads\/2023\/02\/centres-equestres-dans-les-pyrenees.jpg 750w, https:\/\/fermebeauregard.com\/wp-content\/uploads\/2023\/02\/centres-equestres-dans-les-pyrenees-300x225.jpg 300w\" sizes=\"(max-width: 750px) 100vw, 750px\" \/><\/figure>\n<\/div>\n<\/div>\n\n\n\n<div class=\"wp-block-columns is-layout-flex wp-container-core-columns-is-layout-9d6595d7 wp-block-columns-is-layout-flex\">\n<div class=\"wp-block-column is-vertically-aligned-center is-layout-flow wp-block-column-is-layout-flow\">\n<figure class=\"wp-block-image size-full arrondi-haut-droite animated fadeInLeft delay-100ms slow\"><img decoding=\"async\" width=\"750\" height=\"563\" src=\"https:\/\/fermebeauregard.com\/wp-content\/uploads\/2023\/02\/randonnee-dans-les-pyenees.jpg\" alt=\"hiking in the pyrenees\" class=\"wp-image-925\" srcset=\"https:\/\/fermebeauregard.com\/wp-content\/uploads\/2023\/02\/randonnee-dans-les-pyenees.jpg 750w, https:\/\/fermebeauregard.com\/wp-content\/uploads\/2023\/02\/randonnee-dans-les-pyenees-300x225.jpg 300w\" sizes=\"(max-width: 750px) 100vw, 750px\" \/><\/figure>\n<\/div>\n\n\n\n<div class=\"wp-block-column is-vertically-aligned-center right is-layout-flow wp-block-column-is-layout-flow\">\n<h2 class=\"ls__heading deco-horizontale wp-block-heading\">The hikes around the gite<\/h2>\n\n\n\n<p class=\"ls-paragraph\">Around the g\u00eete, there are <strong>superb walks<\/strong> suitable for all types of hikers.<\/p>\n\n\n\n<p class=\"ls-paragraph\">We will show you <strong>the most beautiful paths<\/strong>, the little tricks to make your walks more pleasant.<\/p>\n\n\n\n<p class=\"ls-paragraph\">Are you going on a trip as a couple, with your family, with friends or on a company outing? A few days, a weekend, a week or more?<\/p>\n\n\n\n<p class=\"ls-paragraph\">Contact us, we will help you organize your personalized &#8220;vacation project&#8221;.<\/p>\n<\/div>\n<\/div>\n\n\n    <\/div>\n<\/section><section id=\"ls-section-block_edf162decbf14bab7c104fe1307bedbc\" class=\"ls-section  page-one has-background has-color-1-background-color has-p-t p-t-14 has-p-b p-b-14\" >\n        <div class=\"container container--wide\">\n        \n\n<div class=\"wp-block-columns is-layout-flex wp-container-core-columns-is-layout-9d6595d7 wp-block-columns-is-layout-flex\">\n<div class=\"wp-block-column right is-layout-flow wp-block-column-is-layout-flow\">\n<h3 class=\"ls__heading deco-horizontale wp-block-heading\">Environment &amp; Activities<\/h3>\n\n\n\n<p class=\"ls-paragraph\">The guest house <a href=\"https:\/\/fermebeauregard.com\/en\/\">La Ferme Beauregard Les Pyr\u00e9n\u00e9es<\/a> is located in the hills near Artigat with a view of the Pyrenees, in the Ari\u00e8ge region of southern France. As well on the cultural, culinary and sporting level, you have much to discover in Ari\u00e8ge. You won&#8217;t have to drive far to <a href=\"https:\/\/fermebeauregard.com\/en\/tourism-pyrenees\/\">visit beautiful places<\/a>, stop in a good restaurant, bring back specialties from a market, visit a castle, walk along a river, hike in the mountains&#8230;.<\/p>\n\n\n\n<p class=\"ls-paragraph\">Its 35 communes, its natural and cultural wealth, its <strong>historical heritage and its traditions<\/strong>, &#8230; have made our <a href=\"https:\/\/pap-tourisme.fr\/\" target=\"_blank\" rel=\"noreferrer noopener nofollow\">department of Ari\u00e8ge<\/a> a magnificent destination to visit.<\/p>\n\n\n\n<p class=\"ls-paragraph addReadMore showlesscontent\">The small towns of Pamiers, Mirepoix, Maz\u00e8res, Saint-Girons, Saint-Lizier and Foix are between 20 and 40 minutes from the farm; larger cities such as Toulouse and Carcassonne are between 60 and 75 minutes from our B&amp;B Ferme Beauregard Les Pyr\u00e9n\u00e9es. Andorra la Vella &#8211; is only 2h15 from Beauregard Farm!<\/p>\n<\/div>\n\n\n\n<div class=\"wp-block-column is-vertically-aligned-center left is-layout-flow wp-block-column-is-layout-flow\">\n<figure class=\"wp-block-image size-full arrondi-haut-gauche arrondi-bas-droite animated fadeInUp slow\"><img decoding=\"async\" width=\"750\" height=\"563\" src=\"https:\/\/fermebeauregard.com\/wp-content\/uploads\/2023\/02\/decouvrir-le-patrimoine-du-departement-ariege.jpg\" alt=\"discover the heritage of the ariege department\" class=\"wp-image-923\" srcset=\"https:\/\/fermebeauregard.com\/wp-content\/uploads\/2023\/02\/decouvrir-le-patrimoine-du-departement-ariege.jpg 750w, https:\/\/fermebeauregard.com\/wp-content\/uploads\/2023\/02\/decouvrir-le-patrimoine-du-departement-ariege-300x225.jpg 300w\" sizes=\"(max-width: 750px) 100vw, 750px\" \/><\/figure>\n<\/div>\n<\/div>\n\n\n\n<div class=\"wp-block-columns is-layout-flex wp-container-core-columns-is-layout-9d6595d7 wp-block-columns-is-layout-flex\">\n<div class=\"wp-block-column is-vertically-aligned-center left is-layout-flow wp-block-column-is-layout-flow\">\n<figure class=\"wp-block-image size-full arrondi-haut-gauche arrondi-bas-droite animated fadeInUp slow\"><img decoding=\"async\" width=\"750\" height=\"563\" src=\"https:\/\/fermebeauregard.com\/wp-content\/uploads\/2023\/02\/passez-un-sejour-sportif-dans-les-pyrenees.jpg\" alt=\"have a sporty stay in the pyrenees\" class=\"wp-image-921\" srcset=\"https:\/\/fermebeauregard.com\/wp-content\/uploads\/2023\/02\/passez-un-sejour-sportif-dans-les-pyrenees.jpg 750w, https:\/\/fermebeauregard.com\/wp-content\/uploads\/2023\/02\/passez-un-sejour-sportif-dans-les-pyrenees-300x225.jpg 300w\" sizes=\"(max-width: 750px) 100vw, 750px\" \/><\/figure>\n<\/div>\n\n\n\n<div class=\"wp-block-column is-vertically-aligned-center right is-layout-flow wp-block-column-is-layout-flow\">\n<h3 class=\"ls__heading deco-horizontale wp-block-heading\">Sports Stays<\/h3>\n\n\n\n<p class=\"ls-paragraph\">Hiking, mountain biking, horseback riding, swimming, paragliding, white water sports&#8230; Everything for <strong>an active vacation.<\/strong><\/p>\n\n\n\n<h3 class=\"ls__heading deco-horizontale wp-block-heading\">Cultural escapades<\/h3>\n\n\n\n<p class=\"ls-paragraph\">Escape for a moment!<\/p>\n\n\n\n<p class=\"ls-paragraph\">The Ariege comes alive with <strong>cultural activities<\/strong> with classical or contemporary, alternative or traditional programs. There are festivals, concerts, theater and much more to visit.<\/p>\n<\/div>\n<\/div>\n\n\n    <\/div>\n<\/section><section id=\"ls-section-block_2cf29d4d1ea1dc548143c458a525fe62\" class=\"ls-section  page-maillage has-p-t p-t-14 has-p-b p-b-14\" >\n        <div class=\"container container--wide\">\n        \n\n<div id=\"ls-heading ls-titre-div-block_28717fd0819767352b6ecd60ee5e3862\" class=\"ls-titre-div deco-verticale deco-maison aligncenter h2-like\" >\n    Discover our pool, our rooms and the surroundings!<\/div>\n\n\n<div id=\"ls-maillage-block_bd02a5cb9471f0c1095985f7bcf92eb7\" class=\"ls-maillage cta-style-normal has-m-t m-t-4\" data-rows=\"3\">\n    <div class=\"wp-block-columns\"><div class=\"wp-block-column\">\n\n<a href=\"https:\/\/fermebeauregard.com\/en\/tourism-pyrenees\/\" target=\"\" rel=\"noopener\" class=\"ls-cta__link\">\n\n\t<div class=\"ls-cta__image\"><img decoding=\"async\" src=\"https:\/\/fermebeauregard.com\/wp-content\/uploads\/2023\/02\/alentours-gite-beauregard-ariege.jpg\" alt=\"alentours gite beauregard\"><\/div>\n\t<div class=\"ls-cta__title\">\n\t\tTo be seen\t<\/div>\n\n\t\t\n<\/a><\/div><div class=\"wp-block-column\">\n\n<a href=\"https:\/\/fermebeauregard.com\/en\/rental-gite-pyrenees\/\" target=\"\" rel=\"noopener\" class=\"ls-cta__link\">\n\n\t<div class=\"ls-cta__image\"><img decoding=\"async\" src=\"https:\/\/fermebeauregard.com\/wp-content\/uploads\/2023\/02\/gite-calme-avec-vue-sur-pyrenees.jpg\" alt=\"gite calme avec vue sur pyrenees\"><\/div>\n\t<div class=\"ls-cta__title\">\n\t\tThe rooms and lodging\t<\/div>\n\n\t\t\n<\/a><\/div><div class=\"wp-block-column\">\n\n<a href=\"https:\/\/fermebeauregard.com\/en\/house-hosts-pool-pyrenees\/\" target=\"\" rel=\"noopener\" class=\"ls-cta__link\">\n\n\t<div class=\"ls-cta__image\"><img decoding=\"async\" src=\"https:\/\/fermebeauregard.com\/wp-content\/uploads\/2023\/02\/gite-avec-piscine-dans-les-pyrenees.jpg\" alt=\"gite avec piscine dans les pyrenees\"><\/div>\n\t<div class=\"ls-cta__title\">\n\t\tThe pool\t<\/div>\n\n\t\t\n<\/a><\/div><\/div><\/div>\n\n    <\/div>\n<\/section>","protected":false},"excerpt":{"rendered":"","protected":false},"author":1,"featured_media":929,"parent":0,"menu_order":0,"comment_status":"closed","ping_status":"closed","template":"","meta":{"_acf_changed":false,"footnotes":""},"sujet":[],"class_list":["post-1489","page","type-page","status-publish","has-post-thumbnail","hentry"],"acf":[],"_links":{"self":[{"href":"https:\/\/fermebeauregard.com\/en\/wp-json\/wp\/v2\/pages\/1489","targetHints":{"allow":["GET"]}}],"collection":[{"href":"https:\/\/fermebeauregard.com\/en\/wp-json\/wp\/v2\/pages"}],"about":[{"href":"https:\/\/fermebeauregard.com\/en\/wp-json\/wp\/v2\/types\/page"}],"author":[{"embeddable":true,"href":"https:\/\/fermebeauregard.com\/en\/wp-json\/wp\/v2\/users\/1"}],"replies":[{"embeddable":true,"href":"https:\/\/fermebeauregard.com\/en\/wp-json\/wp\/v2\/comments?post=1489"}],"version-history":[{"count":20,"href":"https:\/\/fermebeauregard.com\/en\/wp-json\/wp\/v2\/pages\/1489\/revisions"}],"predecessor-version":[{"id":2226,"href":"https:\/\/fermebeauregard.com\/en\/wp-json\/wp\/v2\/pages\/1489\/revisions\/2226"}],"wp:featuredmedia":[{"embeddable":true,"href":"https:\/\/fermebeauregard.com\/en\/wp-json\/wp\/v2\/media\/929"}],"wp:attachment":[{"href":"https:\/\/fermebeauregard.com\/en\/wp-json\/wp\/v2\/media?parent=1489"}],"wp:term":[{"taxonomy":"sujet","embeddable":true,"href":"https:\/\/fermebeauregard.com\/en\/wp-json\/wp\/v2\/sujet?post=1489"}],"curies":[{"name":"wp","href":"https:\/\/api.w.org\/{rel}","templated":true}]}}