{"id":1491,"date":"2023-03-02T09:32:12","date_gmt":"2023-03-02T08:32:12","guid":{"rendered":"https:\/\/fermebeauregard.com\/tourism-pyrenees\/"},"modified":"2023-03-15T11:09:01","modified_gmt":"2023-03-15T10:09:01","slug":"tourism-pyrenees","status":"publish","type":"page","link":"https:\/\/fermebeauregard.com\/en\/tourism-pyrenees\/","title":{"rendered":"What to see"},"content":{"rendered":"<section id=\"ls-section-block_ab1abd51bc2039586d1f273f00346d24\" class=\"ls-section  page-chapeau has-p-t p-t-14\" >\n        <div class=\"container container--wide\">\n        \n\n<h1 class=\"ls__heading has-text-align-center deco-verticale wp-block-heading\">Discover the Ari\u00e8ge from the Beauregard farm Les Pyr\u00e9n\u00e9es<\/h1>\n\n\n    <\/div>\n<\/section><section id=\"ls-section-block_d3b5efb83057a4ea0793aab3119b3311\" class=\"ls-section  page-one montagnes has-background has-color-1-background-color has-p-t p-t-14 has-p-b p-b-14\" >\n        <div class=\"container container--wide\">\n        \n\n<div class=\"wp-block-columns is-layout-flex wp-container-core-columns-is-layout-9d6595d7 wp-block-columns-is-layout-flex\">\n<div class=\"wp-block-column is-vertically-aligned-center left is-layout-flow wp-block-column-is-layout-flow\">\n<figure class=\"wp-block-image size-full arrondi-haut-gauche arrondi-bas-droite animated fadeInUp slow\"><img decoding=\"async\" width=\"750\" height=\"563\" src=\"https:\/\/fermebeauregard.com\/wp-content\/uploads\/2023\/02\/decouvrir-le-patrimoine-du-departement-ariege-1.jpg\" alt=\"discover the heritage of the ariege department\" class=\"wp-image-952\" srcset=\"https:\/\/fermebeauregard.com\/wp-content\/uploads\/2023\/02\/decouvrir-le-patrimoine-du-departement-ariege-1.jpg 750w, https:\/\/fermebeauregard.com\/wp-content\/uploads\/2023\/02\/decouvrir-le-patrimoine-du-departement-ariege-1-300x225.jpg 300w\" sizes=\"(max-width: 750px) 100vw, 750px\" \/><\/figure>\n<\/div>\n\n\n\n<div class=\"wp-block-column right is-layout-flow wp-block-column-is-layout-flow\">\n<p class=\"ls-paragraph\">Experience a unique stay in the heart of the Pyrenees in our beautiful department. At <a href=\"https:\/\/fermebeauregard.com\/en\/\">the g\u00eete ferme Beauregard<\/a>, you will be ideally situated to discover <a href=\"https:\/\/www.ariege.com\/\" target=\"_blank\" rel=\"noreferrer noopener nofollow\">the most beautiful places in Ari\u00e8ge.<\/a> Visit Toulouse, the pink city capital of Occitania, Carcassonne with its famous city, the castle of Foix, Ax-les-Thermes, Monts\u00e9gur, the religious city of Lourdes, Andorra&#8230;<\/p>\n\n\n\n<p class=\"ls-paragraph\">Are you a fan of markets and picturesque villages? Mirepoix, Saint-Girons or Limoux will undoubtedly delight you.<\/p>\n\n\n\n<p class=\"ls-paragraph\">By car, by bike, on foot, on horseback, our region offers a <strong>wide range of activities for all tastes<\/strong>. We invite you to come and discover the beauties of our region and our department, <strong>the Ari\u00e8ge.<\/strong><\/p>\n<\/div>\n<\/div>\n\n\n    <\/div>\n<\/section><section id=\"ls-section-block_63454a98f21eb0b3265e6d5b78e5c97b\" class=\"ls-section  page-two branche\" >\n        <div class=\"container container--wide\">\n        \n\n<div class=\"wp-block-columns is-layout-flex wp-container-core-columns-is-layout-9d6595d7 wp-block-columns-is-layout-flex\">\n<div class=\"wp-block-column is-vertically-aligned-center left is-layout-flow wp-block-column-is-layout-flow\">\n<h2 class=\"ls__heading deco-horizontale wp-block-heading\">Visit the Mas d&#8217;Azil : a geological curiosity<\/h2>\n\n\n\n<p class=\"ls-paragraph\">The visit of <a href=\"https:\/\/www.le-mas-dazil.fr\/\" target=\"_blank\" rel=\"noreferrer noopener nofollow\">the caves of Mas d&#8217;Azil<\/a>, a &#8220;must&#8221; not to be missed during your stay.<\/p>\n\n\n\n<p class=\"ls-paragraph\">Unmissable, impressive, fantastic&#8230; Words are too few to describe one of the most famous <strong>and visited paleolithic sites in Europe.<\/strong><\/p>\n\n\n\n<p class=\"ls-paragraph\">Through reproductions of paintings and engravings, imagine the ways and conditions of life of early man. Accompanied by our guide, you will discover the work done by archaeologists for years to trace their history. <\/p>\n\n\n\n<p class=\"ls-paragraph addReadMore showlesscontent\">The study of <strong>engravings and sculptures made by the Cro-Magnon men<\/strong>, and of animal bones dating from the first ice age offer today a very precise interpretation.<\/p>\n<\/div>\n\n\n\n<div class=\"wp-block-column is-vertically-aligned-center is-layout-flow wp-block-column-is-layout-flow\">\n<figure class=\"wp-block-image size-full arrondi-bas-gauche animated fadeInRight slow\"><img decoding=\"async\" width=\"750\" height=\"563\" src=\"https:\/\/fermebeauregard.com\/wp-content\/uploads\/2023\/02\/decouvrir-les-grottes-de-mas-dazil.jpg\" alt=\"discover the caves of mas d'azil\" class=\"wp-image-949\" srcset=\"https:\/\/fermebeauregard.com\/wp-content\/uploads\/2023\/02\/decouvrir-les-grottes-de-mas-dazil.jpg 750w, https:\/\/fermebeauregard.com\/wp-content\/uploads\/2023\/02\/decouvrir-les-grottes-de-mas-dazil-300x225.jpg 300w\" sizes=\"(max-width: 750px) 100vw, 750px\" \/><\/figure>\n<\/div>\n<\/div>\n\n\n\n<div class=\"wp-block-columns is-layout-flex wp-container-core-columns-is-layout-9d6595d7 wp-block-columns-is-layout-flex\">\n<div class=\"wp-block-column is-vertically-aligned-center is-layout-flow wp-block-column-is-layout-flow\">\n<figure class=\"wp-block-image size-full arrondi-haut-droite animated fadeInLeft delay-100ms slow\"><img decoding=\"async\" width=\"750\" height=\"563\" src=\"https:\/\/fermebeauregard.com\/wp-content\/uploads\/2023\/02\/visiter-pamiers-en-ariege-1.jpg\" alt=\"visit pamiers in ariege\" class=\"wp-image-1319\" srcset=\"https:\/\/fermebeauregard.com\/wp-content\/uploads\/2023\/02\/visiter-pamiers-en-ariege-1.jpg 750w, https:\/\/fermebeauregard.com\/wp-content\/uploads\/2023\/02\/visiter-pamiers-en-ariege-1-300x225.jpg 300w\" sizes=\"(max-width: 750px) 100vw, 750px\" \/><\/figure>\n<\/div>\n\n\n\n<div class=\"wp-block-column is-vertically-aligned-center right is-layout-flow wp-block-column-is-layout-flow\">\n<h2 class=\"ls__heading deco-horizontale wp-block-heading\">Discover the beautiful city of Pamiers<\/h2>\n\n\n\n<p class=\"ls-paragraph\">Pamiers is the birthplace of the great composer and musician Gabriel Faur\u00e9 (1845-1924) and has a remarkable heritage.<\/p>\n\n\n\n<p class=\"ls-paragraph right\">Pamiers invites you to <strong>visit historical monuments<\/strong>The city has a lot to offer, such as the wonderful Cathedral with its magnificent organ, the medieval canals around the city, the famous Notre-Dame church with its beautiful crenellated facade or the amazing little Romanesque church of Mas Vieux outside the city in the middle of nature.<\/p>\n\n\n\n<p class=\"ls-paragraph\">The Carmel, a religious site located in the heart of Pamiers, <strong>is a 17th century architectural jewel.<\/strong> From its foundation in 1648 to 2008, it has been home to sisters of the Carmelite order who have dedicated their lives to prayer in this place totally isolated from the outside world. <\/p>\n\n\n\n<p class=\"ls-paragraph addReadMore showlesscontent\">The town hall of Pamiers bought the Carmel in 2012, it is gradually becoming a place dedicated to culture. Every Saturday morning, don&#8217;t miss the market and discover all the local specialties.<\/p>\n<\/div>\n<\/div>\n\n\n    <\/div>\n<\/section><section id=\"ls-section-block_86aa017b1c264d1e550df228144c425b\" class=\"ls-section  page-two branche has-background has-color-1-background-color has-p-t p-t-14 has-p-b p-b-14\" >\n        <div class=\"container container--wide\">\n        \n\n<div class=\"wp-block-columns is-layout-flex wp-container-core-columns-is-layout-9d6595d7 wp-block-columns-is-layout-flex\">\n<div class=\"wp-block-column is-vertically-aligned-center right is-layout-flow wp-block-column-is-layout-flow\">\n<h2 class=\"ls__heading deco-horizontale wp-block-heading\">Foix and its castle<\/h2>\n\n\n\n<p class=\"ls-paragraph\">Located in Ari\u00e8ge at the foot of the Pyrenees, <a href=\"http:\/\/www.foix-tourisme.com\/\" target=\"_blank\" rel=\"noreferrer noopener nofollow\">Foix<\/a> is a place of culture and entertainment. <\/p>\n\n\n\n<p class=\"ls-paragraph\">The castle of Foix is part of <strong>the richness of its historical heritage.<\/strong> Discover the atmosphere of a village from another era at the Forges de Pyr\u00e8ne. For a natural moment, the underground river of Baulou offers you a walk in a unique site. <\/p>\n\n\n\n<p class=\"ls-paragraph\">Visit the Foix market every Friday morning to stock up on souvenirs.<\/p>\n\n\n\n<h2 class=\"ls__heading deco-horizontale wp-block-heading\">Carcassonne, the queen of medieval cities<\/h2>\n\n\n\n<p class=\"ls-paragraph\">Not to be missed! Allow yourself a day to discover <a href=\"https:\/\/www.tourisme-carcassonne.fr\/\" target=\"_blank\" rel=\"noreferrer noopener nofollow\">Carcassonne.<\/a> This city, known for its ramparts and its castle, has been classified as <strong>a Unesco World Heritage Site<\/strong> since 1997.<\/p>\n\n\n\n<p class=\"ls-paragraph addReadMore showlesscontent\">Dive into the medieval history of Carcassonne and be seduced by the beauty of its architecture.<\/p>\n<\/div>\n\n\n\n<div class=\"wp-block-column is-vertically-aligned-center left is-layout-flow wp-block-column-is-layout-flow\">\n<figure class=\"wp-block-image size-full arrondi-haut-gauche arrondi-bas-droite animated fadeInUp slow\"><img decoding=\"async\" width=\"750\" height=\"563\" src=\"https:\/\/fermebeauregard.com\/wp-content\/uploads\/2023\/02\/decouvrir-la-cite-medieval-de-carcassone.jpg\" alt=\"discover the medieval city of carcassone\" class=\"wp-image-941\" srcset=\"https:\/\/fermebeauregard.com\/wp-content\/uploads\/2023\/02\/decouvrir-la-cite-medieval-de-carcassone.jpg 750w, https:\/\/fermebeauregard.com\/wp-content\/uploads\/2023\/02\/decouvrir-la-cite-medieval-de-carcassone-300x225.jpg 300w\" sizes=\"(max-width: 750px) 100vw, 750px\" \/><\/figure>\n<\/div>\n<\/div>\n\n\n\n<div class=\"wp-block-columns is-layout-flex wp-container-core-columns-is-layout-9d6595d7 wp-block-columns-is-layout-flex\">\n<div class=\"wp-block-column is-vertically-aligned-center left is-layout-flow wp-block-column-is-layout-flow\">\n<figure class=\"wp-block-image size-full arrondi-haut-gauche arrondi-bas-droite animated fadeInUp slow\"><img decoding=\"async\" width=\"750\" height=\"563\" src=\"https:\/\/fermebeauregard.com\/wp-content\/uploads\/2023\/02\/chambres-dhote-toulouse.jpg\" alt=\"bed and breakfast toulouse\" class=\"wp-image-939\" srcset=\"https:\/\/fermebeauregard.com\/wp-content\/uploads\/2023\/02\/chambres-dhote-toulouse.jpg 750w, https:\/\/fermebeauregard.com\/wp-content\/uploads\/2023\/02\/chambres-dhote-toulouse-300x225.jpg 300w\" sizes=\"(max-width: 750px) 100vw, 750px\" \/><\/figure>\n<\/div>\n\n\n\n<div class=\"wp-block-column is-vertically-aligned-center right is-layout-flow wp-block-column-is-layout-flow\">\n<h2 class=\"ls__heading deco-horizontale wp-block-heading\">Discover Toulouse, the pink city<\/h2>\n\n\n\n<p class=\"ls-paragraph\">This beautiful pink city, in the southwest of France, invites you to stroll through its narrow streets.<\/p>\n\n\n\n<p class=\"ls-paragraph\"><a href=\"https:\/\/www.toulouse-tourisme.com\/\" target=\"_blank\" rel=\"noreferrer noopener nofollow\">Toulouse<\/a>, capital of Occitania, <strong>is the city of colors<\/strong>: pink brick facades, light blue shutters, its flower La Violette, the blue of pastel. You will fall in love with this city which offers you <strong>walks<\/strong>, <strong>historical monuments<\/strong>, <strong>museums<\/strong>, <strong>squares<\/strong>, <strong>small stores<\/strong> and very <strong>good catering.<\/strong><\/p>\n\n\n\n<h2 class=\"ls__heading deco-horizontale wp-block-heading\">Carla Bay, art village<\/h2>\n\n\n\n<p class=\"ls-paragraph\"><a href=\"https:\/\/www.ariegepyrenees.com\/decouvrir\/incontournables\/les-plus-beaux-villages\/le-carla-bayle-village-dartistes\/\" target=\"_blank\" rel=\"noreferrer noopener nofollow\">Carla Bay is the art village<\/a> of Ariege! <\/p>\n\n\n\n<p class=\"ls-paragraph\">This small picturesque village, <strong>located on the top of a hill, offers a fantastic view.<\/strong> It is an opportunity to visit its numerous artists&#8217; galleries and to discover the history of the artists who have forged its reputation. <\/p>\n\n\n\n<p class=\"ls-paragraph addReadMore showlesscontent\">It is also the birthplace of Pierre Bayle, French philosopher, writer and lexicographer born in 1647. In July-August, Le Carla-Bayle, celebrates the plastic arts festival &#8220;Rue des Arts&#8221;.<\/p>\n<\/div>\n<\/div>\n\n\n    <\/div>\n<\/section><section id=\"ls-section-block_edc443f38ce9a0c8fc13e96a9d240895\" class=\"ls-section  page-one has-background has-color-5-background-color has-p-t p-t-14 has-p-b p-b-14\" >\n        <div class=\"container container--wide\">\n        \n\n<div class=\"wp-block-columns is-layout-flex wp-container-core-columns-is-layout-9d6595d7 wp-block-columns-is-layout-flex\">\n<div class=\"wp-block-column is-vertically-aligned-center right is-layout-flow wp-block-column-is-layout-flow\">\n<h2 class=\"ls__heading deco-horizontale wp-block-heading\">Visit the medieval city of Mirepoix<\/h2>\n\n\n\n<p class=\"ls-paragraph\">Welcome to <a href=\"https:\/\/www.tourisme-mirepoix.com\/\" target=\"_blank\" rel=\"noreferrer noopener nofollow\">Mirepoix, a medieval village<\/a> with a unique charm. In any season, come and discover its history and its beautiful bastide.<\/p>\n\n\n\n<p class=\"ls-paragraph\">Mirepoix was rebuilt according to the regular plans of the bastides, after the village suffered a massive flood in 1289. Admire the 15th century convents, <strong>the beautiful half-timbered houses and the wooden galleries<\/strong>.<\/p>\n\n\n\n<p class=\"ls-paragraph\">Also worth a visit is the ancient cathedral of Saint Maurice with its impressive dimensions of 22m wide. In April and November, the streets of Mirepoix come alive for your pleasure.<\/p>\n\n\n\n<p class=\"ls-paragraph\">Not to be missed: the big market on Monday morning.<\/p>\n<\/div>\n\n\n\n<div class=\"wp-block-column is-vertically-aligned-center left is-layout-flow wp-block-column-is-layout-flow\">\n<figure class=\"wp-block-image size-full arrondi-haut-gauche arrondi-bas-droite animated fadeInUp slow\"><img decoding=\"async\" width=\"750\" height=\"563\" src=\"https:\/\/fermebeauregard.com\/wp-content\/uploads\/2023\/02\/vister-mirepoix-en-ariege.jpg\" alt=\"visit mirepoix in ariege\" class=\"wp-image-943\" srcset=\"https:\/\/fermebeauregard.com\/wp-content\/uploads\/2023\/02\/vister-mirepoix-en-ariege.jpg 750w, https:\/\/fermebeauregard.com\/wp-content\/uploads\/2023\/02\/vister-mirepoix-en-ariege-300x225.jpg 300w\" sizes=\"(max-width: 750px) 100vw, 750px\" \/><\/figure>\n<\/div>\n<\/div>\n\n\n    <\/div>\n<\/section><section id=\"ls-section-block_2a64dc2dff283e75423aca308e77b3b8\" class=\"ls-section  page-maillage has-p-t p-t-14 has-p-b p-b-14\" >\n        <div class=\"container container--wide\">\n        \n\n<div id=\"ls-heading ls-titre-div-block_3d072e119abfbf5f7a04ec459646a88b\" class=\"ls-titre-div deco-verticale deco-maison aligncenter h2-like\" >\n    Discover our services, our rooms and the surroundings!<\/div>\n\n\n<div id=\"ls-maillage-block_8fba1bb8702dde1a7a25aa6c228149db\" class=\"ls-maillage cta-style-normal has-m-t m-t-4\" data-rows=\"3\">\n    <div class=\"wp-block-columns\"><div class=\"wp-block-column\">\n\n<a href=\"https:\/\/fermebeauregard.com\/en\/tourism-activities-pyrenees\/\" target=\"\" rel=\"noopener\" class=\"ls-cta__link\">\n\n\t<div class=\"ls-cta__image\"><img decoding=\"async\" src=\"https:\/\/fermebeauregard.com\/wp-content\/uploads\/2023\/02\/activites-chambre-hote-gite-beauregard.jpg\" alt=\"activite chambre hote gite beauregard\"><\/div>\n\t<div class=\"ls-cta__title\">\n\t\tTo do\t<\/div>\n\n\t\t\n<\/a><\/div><div class=\"wp-block-column\">\n\n<a href=\"https:\/\/fermebeauregard.com\/en\/rental-gite-pyrenees\/\" target=\"\" rel=\"noopener\" class=\"ls-cta__link\">\n\n\t<div class=\"ls-cta__image\"><img decoding=\"async\" src=\"https:\/\/fermebeauregard.com\/wp-content\/uploads\/2023\/02\/gite-calme-avec-vue-sur-pyrenees.jpg\" alt=\"gite calme avec vue sur pyrenees\"><\/div>\n\t<div class=\"ls-cta__title\">\n\t\tThe rooms and lodging\t<\/div>\n\n\t\t\n<\/a><\/div><div class=\"wp-block-column\">\n\n<a href=\"https:\/\/fermebeauregard.com\/en\/house-hotes-pyrenees\/\" target=\"\" rel=\"noopener\" class=\"ls-cta__link\">\n\n\t<div class=\"ls-cta__image\"><img decoding=\"async\" src=\"https:\/\/fermebeauregard.com\/wp-content\/uploads\/2023\/02\/chambre-table-hote-ariege-768x523.jpg\" alt=\"chambre et table hote ariege\"><\/div>\n\t<div class=\"ls-cta__title\">\n\t\tTable d&#8217;h\u00f4tes and services\t<\/div>\n\n\t\t\n<\/a><\/div><\/div><\/div>\n\n    <\/div>\n<\/section>","protected":false},"excerpt":{"rendered":"","protected":false},"author":1,"featured_media":956,"parent":0,"menu_order":0,"comment_status":"closed","ping_status":"closed","template":"","meta":{"_acf_changed":false,"footnotes":""},"sujet":[],"class_list":["post-1491","page","type-page","status-publish","has-post-thumbnail","hentry"],"acf":[],"_links":{"self":[{"href":"https:\/\/fermebeauregard.com\/en\/wp-json\/wp\/v2\/pages\/1491","targetHints":{"allow":["GET"]}}],"collection":[{"href":"https:\/\/fermebeauregard.com\/en\/wp-json\/wp\/v2\/pages"}],"about":[{"href":"https:\/\/fermebeauregard.com\/en\/wp-json\/wp\/v2\/types\/page"}],"author":[{"embeddable":true,"href":"https:\/\/fermebeauregard.com\/en\/wp-json\/wp\/v2\/users\/1"}],"replies":[{"embeddable":true,"href":"https:\/\/fermebeauregard.com\/en\/wp-json\/wp\/v2\/comments?post=1491"}],"version-history":[{"count":7,"href":"https:\/\/fermebeauregard.com\/en\/wp-json\/wp\/v2\/pages\/1491\/revisions"}],"predecessor-version":[{"id":2009,"href":"https:\/\/fermebeauregard.com\/en\/wp-json\/wp\/v2\/pages\/1491\/revisions\/2009"}],"wp:featuredmedia":[{"embeddable":true,"href":"https:\/\/fermebeauregard.com\/en\/wp-json\/wp\/v2\/media\/956"}],"wp:attachment":[{"href":"https:\/\/fermebeauregard.com\/en\/wp-json\/wp\/v2\/media?parent=1491"}],"wp:term":[{"taxonomy":"sujet","embeddable":true,"href":"https:\/\/fermebeauregard.com\/en\/wp-json\/wp\/v2\/sujet?post=1491"}],"curies":[{"name":"wp","href":"https:\/\/api.w.org\/{rel}","templated":true}]}}