{"id":1512,"date":"2023-03-02T11:12:34","date_gmt":"2023-03-02T10:12:34","guid":{"rendered":"https:\/\/fermebeauregard.com\/toerisme-activiteiten-pyreneeen\/"},"modified":"2023-03-15T11:04:37","modified_gmt":"2023-03-15T10:04:37","slug":"toerisme-activiteiten-pyreneeen","status":"publish","type":"page","link":"https:\/\/fermebeauregard.com\/nl\/toerisme-activiteiten-pyreneeen\/","title":{"rendered":"Te doen"},"content":{"rendered":"<section id=\"ls-section-block_cd14928dfeaee72c0dd90093bac688cf\" class=\"ls-section  page-chapeau has-p-t p-t-14\" >\n        <div class=\"container container--wide\">\n        \n\n<h1 class=\"ls__heading has-text-align-center deco-verticale wp-block-heading\">Activiteiten in de buurt van de g\u00eete<\/h1>\n\n\n    <\/div>\n<\/section><section id=\"ls-section-block_214b6cfaf3a9f85002d9e18d7b967595\" class=\"ls-section  page-one montagnes has-background has-color-1-background-color has-p-t p-t-14 has-p-b p-b-14\" >\n        <div class=\"container container--wide\">\n        \n\n<div class=\"wp-block-columns is-layout-flex wp-container-core-columns-is-layout-9d6595d7 wp-block-columns-is-layout-flex\">\n<div class=\"wp-block-column is-vertically-aligned-center left is-layout-flow wp-block-column-is-layout-flow\">\n<figure class=\"wp-block-image size-full arrondi-haut-gauche arrondi-bas-droite animated fadeInUp slow\"><img decoding=\"async\" width=\"750\" height=\"563\" src=\"https:\/\/fermebeauregard.com\/wp-content\/uploads\/2023\/02\/visiter-les-pyrenees-ariege.jpg\" alt=\"bezoek de pyrenee&#xEB;n ariege\" class=\"wp-image-918\" srcset=\"https:\/\/fermebeauregard.com\/wp-content\/uploads\/2023\/02\/visiter-les-pyrenees-ariege.jpg 750w, https:\/\/fermebeauregard.com\/wp-content\/uploads\/2023\/02\/visiter-les-pyrenees-ariege-300x225.jpg 300w\" sizes=\"(max-width: 750px) 100vw, 750px\" \/><\/figure>\n<\/div>\n\n\n\n<div class=\"wp-block-column right is-layout-flow wp-block-column-is-layout-flow\">\n<p class=\"ls-paragraph\">La Ferme Beauregard is een <strong>klein vakantiehuis gelegen in de Franse Pyrenee\u00ebn<\/strong>, ten zuiden van Toulouse, in het departement <strong>Ari\u00e8ge<\/strong>. Een heerlijke plek waar u kunt genieten van uw vakantie. Een <strong>natuurlijke omgeving<\/strong> waar stilte heerst. <\/p>\n\n\n\n<p class=\"ls-paragraph\">Ideaal voor <strong>een vakantie in de Pyrenee\u00ebn<\/strong>, u kunt er wandelen, fietsen, motorrijden, zwemmen of gewoon ontspannen; kortom, genieten van de Franse Pyrenee\u00ebn.<\/p>\n\n\n\n<h2 class=\"ls__heading deco-horizontale wp-block-heading\">Must-do&#8217;s in de Pyrenee\u00ebn<\/h2>\n\n\n\n<p class=\"ls-paragraph\">De B&amp;B Ferme Beauregard Les Pyr\u00e9n\u00e9es is een klein stukje paradijs gelegen in het zuiden van Frankrijk, in het prachtige departement Ari\u00e8ge met een adembenemend uitzicht op de Franse Pyrenee\u00ebn.<\/p>\n\n\n\n<p class=\"ls-paragraph\">Verblijf in een <a href=\"https:\/\/fermebeauregard.com\/nl\/locatie-gite-pyreneeen\/\"><mark style=\"background-color:rgba(0, 0, 0, 0)\" class=\"has-inline-color has-color-white-color\">g\u00eete of gastenkamer<\/mark><\/a> in een rustige omgeving, omgeven door een prachtig landschap. Ontdek in de omgeving historische en culturele bezienswaardigheden en neem deel aan sport- en vrijetijdsactiviteiten.<\/p>\n<\/div>\n<\/div>\n\n\n    <\/div>\n<\/section><section id=\"ls-section-block_cff05a47553e5bff177f3cf661c93dfa\" class=\"ls-section  page-two branche\" >\n        <div class=\"container container--wide\">\n        \n\n<div class=\"wp-block-columns is-layout-flex wp-container-core-columns-is-layout-9d6595d7 wp-block-columns-is-layout-flex\">\n<div class=\"wp-block-column is-vertically-aligned-center left is-layout-flow wp-block-column-is-layout-flow\">\n<h2 class=\"ls__heading deco-horizontale wp-block-heading\">Sportactiviteiten in de Ariege<\/h2>\n\n\n\n<p class=\"ls-paragraph\">Voor een fietstocht op het platteland of voor de meer ervaren fietser biedt de Ari\u00e8ge, land van de fiets, een ruime keuze aan circuits.<\/p>\n\n\n\n<p class=\"ls-paragraph\">Ben je een ervaren ruiter of <strong>wil je leren rijden<\/strong>? In de buurt van B&amp;B Ferme Beauregard zijn er maneges die u gelukkig zullen maken.<\/p>\n\n\n\n<p class=\"ls-paragraph\">Wil je ski\u00ebn? De badplaats Ax-les-Thermes ligt op slechts 70 minuten van uw huuraccommodatie.<\/p>\n\n\n\n<p class=\"ls-paragraph\">Geniet <strong>van de spanning van dit alles<\/strong> door paragliding of rotsklimmen te proberen.<\/p>\n<\/div>\n\n\n\n<div class=\"wp-block-column is-vertically-aligned-center is-layout-flow wp-block-column-is-layout-flow\">\n<figure class=\"wp-block-image size-full arrondi-bas-gauche animated fadeInRight slow\"><img decoding=\"async\" width=\"750\" height=\"563\" src=\"https:\/\/fermebeauregard.com\/wp-content\/uploads\/2023\/02\/centres-equestres-dans-les-pyrenees.jpg\" alt=\"manege in de pyrenee&#xEB;n\" class=\"wp-image-914\" srcset=\"https:\/\/fermebeauregard.com\/wp-content\/uploads\/2023\/02\/centres-equestres-dans-les-pyrenees.jpg 750w, https:\/\/fermebeauregard.com\/wp-content\/uploads\/2023\/02\/centres-equestres-dans-les-pyrenees-300x225.jpg 300w\" sizes=\"(max-width: 750px) 100vw, 750px\" \/><\/figure>\n<\/div>\n<\/div>\n\n\n\n<div class=\"wp-block-columns is-layout-flex wp-container-core-columns-is-layout-9d6595d7 wp-block-columns-is-layout-flex\">\n<div class=\"wp-block-column is-vertically-aligned-center is-layout-flow wp-block-column-is-layout-flow\">\n<figure class=\"wp-block-image size-full arrondi-haut-droite animated fadeInLeft delay-100ms slow\"><img decoding=\"async\" width=\"750\" height=\"563\" src=\"https:\/\/fermebeauregard.com\/wp-content\/uploads\/2023\/02\/randonnee-dans-les-pyenees.jpg\" alt=\"wandelen in de pyrenee&#xEB;n\" class=\"wp-image-925\" srcset=\"https:\/\/fermebeauregard.com\/wp-content\/uploads\/2023\/02\/randonnee-dans-les-pyenees.jpg 750w, https:\/\/fermebeauregard.com\/wp-content\/uploads\/2023\/02\/randonnee-dans-les-pyenees-300x225.jpg 300w\" sizes=\"(max-width: 750px) 100vw, 750px\" \/><\/figure>\n<\/div>\n\n\n\n<div class=\"wp-block-column is-vertically-aligned-center right is-layout-flow wp-block-column-is-layout-flow\">\n<h2 class=\"ls__heading deco-horizontale wp-block-heading\">De wandelingen rond de g\u00eete<\/h2>\n\n\n\n<p class=\"ls-paragraph\">Rondom de g\u00eete zijn er <strong>prachtige wandelingen<\/strong> die geschikt zijn voor alle soorten wandelaars.<\/p>\n\n\n\n<p class=\"ls-paragraph\">Wij laten u de mooiste paden <strong>zien en tips<\/strong> om uw wandelingen aangenamer te maken.<\/p>\n\n\n\n<p class=\"ls-paragraph\">Reist u met z&#8217;n twee\u00ebn, met uw gezin, met vrienden of op bedrijfsuitstap? Een paar dagen, een weekend, een week of meer?<\/p>\n\n\n\n<p class=\"ls-paragraph\">Neem contact met ons op, wij helpen u bij het organiseren van uw persoonlijke &#8220;vakantieproject&#8221;.<\/p>\n<\/div>\n<\/div>\n\n\n    <\/div>\n<\/section><section id=\"ls-section-block_8c52789fd9b44200f86b560745c9fafd\" class=\"ls-section  page-one has-background has-color-1-background-color has-p-t p-t-14 has-p-b p-b-14\" >\n        <div class=\"container container--wide\">\n        \n\n<div class=\"wp-block-columns is-layout-flex wp-container-core-columns-is-layout-9d6595d7 wp-block-columns-is-layout-flex\">\n<div class=\"wp-block-column right is-layout-flow wp-block-column-is-layout-flow\">\n<h3 class=\"ls__heading deco-horizontale wp-block-heading\">Milieu &amp; Activiteiten<\/h3>\n\n\n\n<p class=\"ls-paragraph\">Het pension <a href=\"https:\/\/fermebeauregard.com\/nl\/\">La Ferme Beauregard Les Pyr\u00e9n\u00e9es<\/a> ligt in de heuvels bij Artigat met uitzicht op de Pyrenee\u00ebn, in de regio Ari\u00e8ge in Zuid-Frankrijk. Op het gebied van cultuur, keuken en sport is er veel te ontdekken in de Ariege. Je hoeft niet ver te rijden <a href=\"https:\/\/fermebeauregard.com\/nl\/toerisme-pyreneeen\/\">om mooie plekken te bezoeken<\/a>, te stoppen bij een goed restaurant, specialiteiten mee te nemen van een markt, een kasteel te bezoeken, langs een rivier te lopen, te gaan wandelen in de bergen&#8230;.<\/p>\n\n\n\n<p class=\"ls-paragraph\">Zijn 35 gemeenten, zijn natuurlijke en culturele rijkdommen, <strong>zijn historisch erfgoed en tradities<\/strong>, &#8230; maken van ons <a href=\"https:\/\/pap-tourisme.fr\/\" target=\"_blank\" rel=\"noreferrer noopener nofollow\">departement Ari\u00e8ge<\/a> een prachtige bestemming om te bezoeken.<\/p>\n\n\n\n<p class=\"ls-paragraph addReadMore showlesscontent\">De kleine steden Pamiers, Mirepoix, Maz\u00e8res, Saint-Girons, Saint-Lizier en Foix liggen tussen 20 en 40 minuten van de boerderij; de grotere steden Toulouse en Carcassonne liggen tussen 60 en 75 minuten van onze B&amp;B Ferme Beauregard Les Pyr\u00e9n\u00e9es. Andorra la Vella &#8211; ligt op slechts 2u15 van Beauregard Farm!<\/p>\n<\/div>\n\n\n\n<div class=\"wp-block-column is-vertically-aligned-center left is-layout-flow wp-block-column-is-layout-flow\">\n<figure class=\"wp-block-image size-full arrondi-haut-gauche arrondi-bas-droite animated fadeInUp slow\"><img decoding=\"async\" width=\"750\" height=\"563\" src=\"https:\/\/fermebeauregard.com\/wp-content\/uploads\/2023\/02\/decouvrir-le-patrimoine-du-departement-ariege.jpg\" alt=\"ontdekking van het erfgoed van het departement ariege\" class=\"wp-image-923\" srcset=\"https:\/\/fermebeauregard.com\/wp-content\/uploads\/2023\/02\/decouvrir-le-patrimoine-du-departement-ariege.jpg 750w, https:\/\/fermebeauregard.com\/wp-content\/uploads\/2023\/02\/decouvrir-le-patrimoine-du-departement-ariege-300x225.jpg 300w\" sizes=\"(max-width: 750px) 100vw, 750px\" \/><\/figure>\n<\/div>\n<\/div>\n\n\n\n<div class=\"wp-block-columns is-layout-flex wp-container-core-columns-is-layout-9d6595d7 wp-block-columns-is-layout-flex\">\n<div class=\"wp-block-column is-vertically-aligned-center left is-layout-flow wp-block-column-is-layout-flow\">\n<figure class=\"wp-block-image size-full arrondi-haut-gauche arrondi-bas-droite animated fadeInUp slow\"><img decoding=\"async\" width=\"750\" height=\"563\" src=\"https:\/\/fermebeauregard.com\/wp-content\/uploads\/2023\/02\/passez-un-sejour-sportif-dans-les-pyrenees.jpg\" alt=\"een sportief verblijf in de pyrenee&#xEB;n\" class=\"wp-image-921\" srcset=\"https:\/\/fermebeauregard.com\/wp-content\/uploads\/2023\/02\/passez-un-sejour-sportif-dans-les-pyrenees.jpg 750w, https:\/\/fermebeauregard.com\/wp-content\/uploads\/2023\/02\/passez-un-sejour-sportif-dans-les-pyrenees-300x225.jpg 300w\" sizes=\"(max-width: 750px) 100vw, 750px\" \/><\/figure>\n<\/div>\n\n\n\n<div class=\"wp-block-column is-vertically-aligned-center right is-layout-flow wp-block-column-is-layout-flow\">\n<h3 class=\"ls__heading deco-horizontale wp-block-heading\">Sportieve verblijven<\/h3>\n\n\n\n<p class=\"ls-paragraph\">Wandelen, mountainbiken, paardrijden, zwemmen, paragliden, wildwatersporten&#8230; Alles voor <strong>een actieve vakantie.<\/strong><\/p>\n\n\n\n<h3 class=\"ls__heading deco-horizontale wp-block-heading\">Culturele escapades<\/h3>\n\n\n\n<p class=\"ls-paragraph\">Ontsnap even!<\/p>\n\n\n\n<p class=\"ls-paragraph\">De Ari\u00e8ge komt tot leven met <strong>culturele evenementen<\/strong>, met klassieke of hedendaagse, alternatieve of traditionele programma&#8217;s. Er zijn festivals, concerten, theater en nog veel meer te bezoeken.<\/p>\n<\/div>\n<\/div>\n\n\n    <\/div>\n<\/section><section id=\"ls-section-block_e138ffb5e840fd349e4a305e06528a9c\" class=\"ls-section  page-maillage has-p-t p-t-14 has-p-b p-b-14\" >\n        <div class=\"container container--wide\">\n        \n\n<div id=\"ls-heading ls-titre-div-block_4b96cea72e443dfa4714d1d947bc1ad4\" class=\"ls-titre-div deco-verticale deco-maison aligncenter h2-like\" >\n    Ontdek ons zwembad, onze kamers en de omgeving!<\/div>\n\n\n<div id=\"ls-maillage-block_57458ec8f11a60d828662eab9bc644c4\" class=\"ls-maillage cta-style-normal has-m-t m-t-4\" data-rows=\"3\">\n    <div class=\"wp-block-columns\"><div class=\"wp-block-column\">\n\n<a href=\"https:\/\/fermebeauregard.com\/nl\/toerisme-pyreneeen\/\" target=\"\" rel=\"noopener\" class=\"ls-cta__link\">\n\n\t<div class=\"ls-cta__image\"><img decoding=\"async\" src=\"https:\/\/fermebeauregard.com\/wp-content\/uploads\/2023\/02\/alentours-gite-beauregard-ariege.jpg\" alt=\"alentours gite beauregard\"><\/div>\n\t<div class=\"ls-cta__title\">\n\t\tTe zien\t<\/div>\n\n\t\t\n<\/a><\/div><div class=\"wp-block-column\">\n\n<a href=\"https:\/\/fermebeauregard.com\/nl\/locatie-gite-pyreneeen\/\" target=\"\" rel=\"noopener\" class=\"ls-cta__link\">\n\n\t<div class=\"ls-cta__image\"><img decoding=\"async\" src=\"https:\/\/fermebeauregard.com\/wp-content\/uploads\/2023\/02\/gite-calme-avec-vue-sur-pyrenees.jpg\" alt=\"gite calme vue pyrenees\"><\/div>\n\t<div class=\"ls-cta__title\">\n\t\tDe kamers en de g\u00eete\t<\/div>\n\n\t\t\n<\/a><\/div><div class=\"wp-block-column\">\n\n<a href=\"https:\/\/fermebeauregard.com\/nl\/pension-zwembad-pyreneeen\/\" target=\"\" rel=\"noopener\" class=\"ls-cta__link\">\n\n\t<div class=\"ls-cta__image\"><img decoding=\"async\" src=\"https:\/\/fermebeauregard.com\/wp-content\/uploads\/2023\/02\/gite-avec-piscine-dans-les-pyrenees.jpg\" alt=\"gite swimming pool pyrenees\"><\/div>\n\t<div class=\"ls-cta__title\">\n\t\tHet zwembad\t<\/div>\n\n\t\t\n<\/a><\/div><\/div><\/div>\n\n    <\/div>\n<\/section>","protected":false},"excerpt":{"rendered":"","protected":false},"author":1,"featured_media":1415,"parent":0,"menu_order":0,"comment_status":"closed","ping_status":"closed","template":"","meta":{"_acf_changed":false,"footnotes":""},"sujet":[],"class_list":["post-1512","page","type-page","status-publish","has-post-thumbnail","hentry"],"acf":[],"_links":{"self":[{"href":"https:\/\/fermebeauregard.com\/nl\/wp-json\/wp\/v2\/pages\/1512","targetHints":{"allow":["GET"]}}],"collection":[{"href":"https:\/\/fermebeauregard.com\/nl\/wp-json\/wp\/v2\/pages"}],"about":[{"href":"https:\/\/fermebeauregard.com\/nl\/wp-json\/wp\/v2\/types\/page"}],"author":[{"embeddable":true,"href":"https:\/\/fermebeauregard.com\/nl\/wp-json\/wp\/v2\/users\/1"}],"replies":[{"embeddable":true,"href":"https:\/\/fermebeauregard.com\/nl\/wp-json\/wp\/v2\/comments?post=1512"}],"version-history":[{"count":16,"href":"https:\/\/fermebeauregard.com\/nl\/wp-json\/wp\/v2\/pages\/1512\/revisions"}],"predecessor-version":[{"id":1993,"href":"https:\/\/fermebeauregard.com\/nl\/wp-json\/wp\/v2\/pages\/1512\/revisions\/1993"}],"wp:featuredmedia":[{"embeddable":true,"href":"https:\/\/fermebeauregard.com\/nl\/wp-json\/wp\/v2\/media\/1415"}],"wp:attachment":[{"href":"https:\/\/fermebeauregard.com\/nl\/wp-json\/wp\/v2\/media?parent=1512"}],"wp:term":[{"taxonomy":"sujet","embeddable":true,"href":"https:\/\/fermebeauregard.com\/nl\/wp-json\/wp\/v2\/sujet?post=1512"}],"curies":[{"name":"wp","href":"https:\/\/api.w.org\/{rel}","templated":true}]}}