{"id":1514,"date":"2023-03-02T11:19:50","date_gmt":"2023-03-02T10:19:50","guid":{"rendered":"https:\/\/fermebeauregard.com\/toerisme-pyreneeen\/"},"modified":"2023-03-15T11:09:50","modified_gmt":"2023-03-15T10:09:50","slug":"toerisme-pyreneeen","status":"publish","type":"page","link":"https:\/\/fermebeauregard.com\/nl\/toerisme-pyreneeen\/","title":{"rendered":"Wat te zien"},"content":{"rendered":"<section id=\"ls-section-block_f0f4c5e6a228d13ea76ac090d4ae7c05\" class=\"ls-section  page-chapeau has-p-t p-t-14\" >\n        <div class=\"container container--wide\">\n        \n\n<h1 class=\"ls__heading has-text-align-center deco-verticale wp-block-heading\">Ontdek de Ari\u00e8ge vanuit de boerderij Beauregard Les Pyr\u00e9n\u00e9es<\/h1>\n\n\n    <\/div>\n<\/section><section id=\"ls-section-block_a7bf9fb72000b028921226a0f0892aac\" class=\"ls-section  page-one montagnes has-background has-color-1-background-color has-p-t p-t-14 has-p-b p-b-14\" >\n        <div class=\"container container--wide\">\n        \n\n<div class=\"wp-block-columns is-layout-flex wp-container-core-columns-is-layout-9d6595d7 wp-block-columns-is-layout-flex\">\n<div class=\"wp-block-column is-vertically-aligned-center left is-layout-flow wp-block-column-is-layout-flow\">\n<figure class=\"wp-block-image size-full arrondi-haut-gauche arrondi-bas-droite animated fadeInUp slow\"><img decoding=\"async\" width=\"750\" height=\"563\" src=\"https:\/\/fermebeauregard.com\/wp-content\/uploads\/2023\/02\/decouvrir-le-patrimoine-du-departement-ariege-1.jpg\" alt=\"ontdekking van het erfgoed van het departement ariege\" class=\"wp-image-952\" srcset=\"https:\/\/fermebeauregard.com\/wp-content\/uploads\/2023\/02\/decouvrir-le-patrimoine-du-departement-ariege-1.jpg 750w, https:\/\/fermebeauregard.com\/wp-content\/uploads\/2023\/02\/decouvrir-le-patrimoine-du-departement-ariege-1-300x225.jpg 300w\" sizes=\"(max-width: 750px) 100vw, 750px\" \/><\/figure>\n<\/div>\n\n\n\n<div class=\"wp-block-column right is-layout-flow wp-block-column-is-layout-flow\">\n<p class=\"ls-paragraph\">Geniet van een uniek verblijf in het hart van de Pyrenee\u00ebn in ons prachtige departement. In de <a href=\"https:\/\/fermebeauregard.com\/nl\/\">g\u00eete ferme Beauregard<\/a> bent u ideaal gelegen om de mooiste <a href=\"https:\/\/www.ariege.com\/\" target=\"_blank\" rel=\"noreferrer noopener nofollow\">plekjes van de Ari\u00e8ge te ontdekken.<\/a> Bezoek Toulouse, de roze hoofdstad van Occitani\u00eb, Carcassonne met zijn beroemde stad, het kasteel van Foix, Ax-les-Thermes, Monts\u00e9gur, de religieuze stad Lourdes, Andorra&#8230;<\/p>\n\n\n\n<p class=\"ls-paragraph\">Houdt u van markten en pittoreske dorpjes? Mirepoix, Saint-Girons of Limoux zullen u ongetwijfeld bekoren.<\/p>\n\n\n\n<p class=\"ls-paragraph\">Met de auto, op de fiets, te voet of te paard, onze streek biedt <strong>een breed scala aan activiteiten voor elk wat wils<\/strong>. Wij nodigen u uit om de schoonheid van onze streek en ons departement, <strong>de Ari\u00e8ge<\/strong>, te komen ontdekken.<\/p>\n<\/div>\n<\/div>\n\n\n    <\/div>\n<\/section><section id=\"ls-section-block_1b2413f6feda2c9f4ba366ab6f46645f\" class=\"ls-section  page-two branche\" >\n        <div class=\"container container--wide\">\n        \n\n<div class=\"wp-block-columns is-layout-flex wp-container-core-columns-is-layout-9d6595d7 wp-block-columns-is-layout-flex\">\n<div class=\"wp-block-column is-vertically-aligned-center left is-layout-flow wp-block-column-is-layout-flow\">\n<h2 class=\"ls__heading deco-horizontale wp-block-heading\">Bezoek de Mas d&#8217;Azil: een geologische bezienswaardigheid<\/h2>\n\n\n\n<p class=\"ls-paragraph\">Het bezoek aan <a href=\"https:\/\/www.le-mas-dazil.fr\/\" target=\"_blank\" rel=\"noreferrer noopener nofollow\">de grotten van Mas d&#8217;Azil<\/a>, een &#8220;must&#8221; die u niet mag missen tijdens uw verblijf.<\/p>\n\n\n\n<p class=\"ls-paragraph\">Niet te missen, indrukwekkend, fantastisch&#8230; Woorden schieten tekort om een van de beroemdste en meest <strong>bezochte paleolithische vindplaatsen van Europa te beschrijven.<\/strong><\/p>\n\n\n\n<p class=\"ls-paragraph\">Aan de hand van reproducties van schilderijen en gravures kunt u zich de manieren en omstandigheden van de vroege mens voorstellen. Onder begeleiding van onze gids ontdekt u het werk dat archeologen in de loop der jaren hebben verricht om de geschiedenis te achterhalen. <\/p>\n\n\n\n<p class=\"ls-paragraph addReadMore showlesscontent\">De studie van <strong>gravures en beeldhouwwerken van de Cro-Magnon<\/strong> mannen, en van dierenbeenderen uit de eerste ijstijd, bieden vandaag een zeer nauwkeurige interpretatie.<\/p>\n<\/div>\n\n\n\n<div class=\"wp-block-column is-vertically-aligned-center is-layout-flow wp-block-column-is-layout-flow\">\n<figure class=\"wp-block-image size-full arrondi-bas-gauche animated fadeInRight slow\"><img decoding=\"async\" width=\"750\" height=\"563\" src=\"https:\/\/fermebeauregard.com\/wp-content\/uploads\/2023\/02\/decouvrir-les-grottes-de-mas-dazil.jpg\" alt=\"ontdek de grotten van mas d'azil\" class=\"wp-image-949\" srcset=\"https:\/\/fermebeauregard.com\/wp-content\/uploads\/2023\/02\/decouvrir-les-grottes-de-mas-dazil.jpg 750w, https:\/\/fermebeauregard.com\/wp-content\/uploads\/2023\/02\/decouvrir-les-grottes-de-mas-dazil-300x225.jpg 300w\" sizes=\"(max-width: 750px) 100vw, 750px\" \/><\/figure>\n<\/div>\n<\/div>\n\n\n\n<div class=\"wp-block-columns is-layout-flex wp-container-core-columns-is-layout-9d6595d7 wp-block-columns-is-layout-flex\">\n<div class=\"wp-block-column is-vertically-aligned-center is-layout-flow wp-block-column-is-layout-flow\">\n<figure class=\"wp-block-image size-full arrondi-haut-droite animated fadeInLeft delay-100ms slow\"><img decoding=\"async\" width=\"750\" height=\"563\" src=\"https:\/\/fermebeauregard.com\/wp-content\/uploads\/2023\/02\/visiter-pamiers-en-ariege-1.jpg\" alt=\"bezoek pamiers en ariege\" class=\"wp-image-1319\" srcset=\"https:\/\/fermebeauregard.com\/wp-content\/uploads\/2023\/02\/visiter-pamiers-en-ariege-1.jpg 750w, https:\/\/fermebeauregard.com\/wp-content\/uploads\/2023\/02\/visiter-pamiers-en-ariege-1-300x225.jpg 300w\" sizes=\"(max-width: 750px) 100vw, 750px\" \/><\/figure>\n<\/div>\n\n\n\n<div class=\"wp-block-column is-vertically-aligned-center right is-layout-flow wp-block-column-is-layout-flow\">\n<h2 class=\"ls__heading deco-horizontale wp-block-heading\">Ontdek de prachtige stad Pamiers<\/h2>\n\n\n\n<p class=\"ls-paragraph\">Pamiers, de geboorteplaats van de grote componist en musicus Gabriel Faur\u00e9 (1845-1924), heeft een opmerkelijk erfgoed.<\/p>\n\n\n\n<p class=\"ls-paragraph right\">Pamiers nodigt u uit om <strong>historische monumenten bezoeken<\/strong>De stad heeft veel te bieden, zoals de prachtige kathedraal met zijn prachtige orgel, de middeleeuwse grachten rond de stad, de beroemde Notre-Dame kerk met zijn prachtige gekanteelde gevel of het verbazingwekkende Romaanse kerkje van Mas Vieux buiten de stad midden in de natuur.<\/p>\n\n\n\n<p class=\"ls-paragraph\">De Karmel, een religieuze plek in het hart van Pamiers, is een <strong>architectonisch juweeltje uit de 17e eeuw.<\/strong> Vanaf de oprichting in 1648 tot 2008 is het de thuisbasis van de zusters van de Karmelietenorde, die hun leven hebben gewijd aan het gebed op deze plek die volledig ge\u00efsoleerd is van de buitenwereld. <\/p>\n\n\n\n<p class=\"ls-paragraph addReadMore showlesscontent\">Het gemeentebestuur van Pamiers kocht de Karmel in 2012, en het wordt stilaan een plaats die gewijd is aan cultuur. Elke zaterdagochtend mag u de markt niet missen om alle lokale specialiteiten te ontdekken.<\/p>\n<\/div>\n<\/div>\n\n\n    <\/div>\n<\/section><section id=\"ls-section-block_58fbd9a754d8562f4d9853dd6f607bca\" class=\"ls-section  page-two branche has-background has-color-1-background-color has-p-t p-t-14 has-p-b p-b-14\" >\n        <div class=\"container container--wide\">\n        \n\n<div class=\"wp-block-columns is-layout-flex wp-container-core-columns-is-layout-9d6595d7 wp-block-columns-is-layout-flex\">\n<div class=\"wp-block-column is-vertically-aligned-center right is-layout-flow wp-block-column-is-layout-flow\">\n<h2 class=\"ls__heading deco-horizontale wp-block-heading\">Foix en zijn kasteel<\/h2>\n\n\n\n<p class=\"ls-paragraph\"><a href=\"http:\/\/www.foix-tourisme.com\/\" target=\"_blank\" rel=\"noreferrer noopener nofollow\">Foix<\/a>, gelegen in de Ari\u00e8ge aan de voet van de Pyrenee\u00ebn, is een plaats van cultuur en vermaak. <\/p>\n\n\n\n<p class=\"ls-paragraph\">Het kasteel van Foix is <strong>een van de schatten van zijn historisch erfgoed.<\/strong> Ontdek de sfeer van een dorp uit een ander tijdperk in de Forges de Pyr\u00e8ne. Voor een natuurlijk moment biedt de ondergrondse rivier van Baulou u een wandeling in een unieke site. <\/p>\n\n\n\n<p class=\"ls-paragraph\">Bezoek elke vrijdagochtend de markt van Foix om souvenirs in te slaan.<\/p>\n\n\n\n<h2 class=\"ls__heading deco-horizontale wp-block-heading\">Carcassonne, de koningin van de middeleeuwse steden<\/h2>\n\n\n\n<p class=\"ls-paragraph\">Een must! Neem een dag om <a href=\"https:\/\/www.tourisme-carcassonne.fr\/\" target=\"_blank\" rel=\"noreferrer noopener nofollow\">Carcassonne<\/a> te ontdekken. Deze stad, bekend om zijn stadsmuren en zijn kasteel, staat sinds 1997 op <strong>de Werelderfgoedlijst van de UNESCO<\/strong>.<\/p>\n\n\n\n<p class=\"ls-paragraph addReadMore showlesscontent\">Dompel u onder in de middeleeuwse geschiedenis van Carcassonne en laat u verleiden door de schoonheid van de architectuur.<\/p>\n<\/div>\n\n\n\n<div class=\"wp-block-column is-vertically-aligned-center left is-layout-flow wp-block-column-is-layout-flow\">\n<figure class=\"wp-block-image size-full arrondi-haut-gauche arrondi-bas-droite animated fadeInUp slow\"><img decoding=\"async\" width=\"750\" height=\"563\" src=\"https:\/\/fermebeauregard.com\/wp-content\/uploads\/2023\/02\/decouvrir-la-cite-medieval-de-carcassone.jpg\" alt=\"ontdek de middeleeuwse stad carcassone\" class=\"wp-image-941\" srcset=\"https:\/\/fermebeauregard.com\/wp-content\/uploads\/2023\/02\/decouvrir-la-cite-medieval-de-carcassone.jpg 750w, https:\/\/fermebeauregard.com\/wp-content\/uploads\/2023\/02\/decouvrir-la-cite-medieval-de-carcassone-300x225.jpg 300w\" sizes=\"(max-width: 750px) 100vw, 750px\" \/><\/figure>\n<\/div>\n<\/div>\n\n\n\n<div class=\"wp-block-columns is-layout-flex wp-container-core-columns-is-layout-9d6595d7 wp-block-columns-is-layout-flex\">\n<div class=\"wp-block-column is-vertically-aligned-center left is-layout-flow wp-block-column-is-layout-flow\">\n<figure class=\"wp-block-image size-full arrondi-haut-gauche arrondi-bas-droite animated fadeInUp slow\"><img decoding=\"async\" width=\"750\" height=\"563\" src=\"https:\/\/fermebeauregard.com\/wp-content\/uploads\/2023\/02\/chambres-dhote-toulouse.jpg\" alt=\"gastenkamers toulouse\" class=\"wp-image-939\" srcset=\"https:\/\/fermebeauregard.com\/wp-content\/uploads\/2023\/02\/chambres-dhote-toulouse.jpg 750w, https:\/\/fermebeauregard.com\/wp-content\/uploads\/2023\/02\/chambres-dhote-toulouse-300x225.jpg 300w\" sizes=\"(max-width: 750px) 100vw, 750px\" \/><\/figure>\n<\/div>\n\n\n\n<div class=\"wp-block-column is-vertically-aligned-center right is-layout-flow wp-block-column-is-layout-flow\">\n<h2 class=\"ls__heading deco-horizontale wp-block-heading\">Ontdek Toulouse, de roze stad<\/h2>\n\n\n\n<p class=\"ls-paragraph\">Deze prachtige roze stad in het zuidwesten van Frankrijk nodigt u uit voor een wandeling door de smalle straatjes.<\/p>\n\n\n\n<p class=\"ls-paragraph\"><a href=\"https:\/\/www.toulouse-tourisme.com\/\" target=\"_blank\" rel=\"noreferrer noopener nofollow\">Toulouse<\/a>, hoofdstad van Occitani\u00eb, is de <strong>stad van de kleuren<\/strong>: roze bakstenen gevels, lichtblauwe luiken, haar bloem La Violette, het blauw van de pastels. U zult verliefd worden op deze stad <strong>die wandelingen<\/strong>, <strong>historische monumenten<\/strong>, <strong>musea<\/strong>, <strong>pleinen<\/strong>, kleine <strong>winkels<\/strong> en zeer goede <strong>restaurants biedt.<\/strong><\/p>\n\n\n\n<h2 class=\"ls__heading deco-horizontale wp-block-heading\">Carla Bay, kunstdorp<\/h2>\n\n\n\n<p class=\"ls-paragraph\"><a href=\"https:\/\/www.ariegepyrenees.com\/decouvrir\/incontournables\/les-plus-beaux-villages\/le-carla-bayle-village-dartistes\/\" target=\"_blank\" rel=\"noreferrer noopener nofollow\">Carla Bay is het kunstdorp<\/a> van Ariege! <\/p>\n\n\n\n<p class=\"ls-paragraph\">Dit kleine, pittoreske <strong>heuveldorpje biedt een fantastisch uitzicht.<\/strong> Het is een gelegenheid om de vele kunstenaarsgalerijen te bezoeken en de geschiedenis te ontdekken van de kunstenaars die de stad beroemd hebben gemaakt. <\/p>\n\n\n\n<p class=\"ls-paragraph addReadMore showlesscontent\">Het is ook de geboorteplaats van Pierre Bayle, een Franse filosoof, schrijver en lexicograaf geboren in 1647. In juli en augustus viert Le Carla-Bayle het festival van de plastische kunsten &#8220;Rue des Arts&#8221;.<\/p>\n<\/div>\n<\/div>\n\n\n    <\/div>\n<\/section><section id=\"ls-section-block_930197457cbdc6e1a297b95bd257082e\" class=\"ls-section  page-one has-background has-color-5-background-color has-p-t p-t-14 has-p-b p-b-14\" >\n        <div class=\"container container--wide\">\n        \n\n<div class=\"wp-block-columns is-layout-flex wp-container-core-columns-is-layout-9d6595d7 wp-block-columns-is-layout-flex\">\n<div class=\"wp-block-column is-vertically-aligned-center right is-layout-flow wp-block-column-is-layout-flow\">\n<h2 class=\"ls__heading deco-horizontale wp-block-heading\">Bezoek de middeleeuwse stad Mirepoix<\/h2>\n\n\n\n<p class=\"ls-paragraph\">Welkom in <a href=\"https:\/\/www.tourisme-mirepoix.com\/\" target=\"_blank\" rel=\"noreferrer noopener nofollow\">Mirepoix, een middeleeuws<\/a> dorp met een unieke charme. Kom in alle seizoenen de geschiedenis en de prachtige bastide ontdekken.<\/p>\n\n\n\n<p class=\"ls-paragraph\">Mirepoix werd herbouwd volgens de gewone plannen van de bastides, nadat het dorp in 1289 door een grote overstroming was getroffen. Bewonder de 15e-eeuwse kloosters, <strong>de prachtige vakwerkhuizen en de houten galerijen.<\/strong><\/p>\n\n\n\n<p class=\"ls-paragraph\">Ook een bezoek waard is de oude kathedraal van Saint Maurice met zijn indrukwekkende afmetingen van 22 meter breed. In april en november komen de straten van Mirepoix tot leven voor uw plezier.<\/p>\n\n\n\n<p class=\"ls-paragraph\">Niet te missen: de grote markt op maandagochtend.<\/p>\n<\/div>\n\n\n\n<div class=\"wp-block-column is-vertically-aligned-center left is-layout-flow wp-block-column-is-layout-flow\">\n<figure class=\"wp-block-image size-full arrondi-haut-gauche arrondi-bas-droite animated fadeInUp slow\"><img decoding=\"async\" width=\"750\" height=\"563\" src=\"https:\/\/fermebeauregard.com\/wp-content\/uploads\/2023\/02\/vister-mirepoix-en-ariege.jpg\" alt=\"bezoek mirepoix en ariege\" class=\"wp-image-943\" srcset=\"https:\/\/fermebeauregard.com\/wp-content\/uploads\/2023\/02\/vister-mirepoix-en-ariege.jpg 750w, https:\/\/fermebeauregard.com\/wp-content\/uploads\/2023\/02\/vister-mirepoix-en-ariege-300x225.jpg 300w\" sizes=\"(max-width: 750px) 100vw, 750px\" \/><\/figure>\n<\/div>\n<\/div>\n\n\n    <\/div>\n<\/section><section id=\"ls-section-block_1214caf01a40bcc88c418ddcd2bd9324\" class=\"ls-section  page-maillage has-p-t p-t-14 has-p-b p-b-14\" >\n        <div class=\"container container--wide\">\n        \n\n<div id=\"ls-heading ls-titre-div-block_aadeb3870cbff77415256928ba701aaa\" class=\"ls-titre-div deco-verticale deco-maison aligncenter h2-like\" >\n    Ontdek onze diensten, onze kamers en de omgeving!<\/div>\n\n\n<div id=\"ls-maillage-block_6d77a9e7e9a225eeaa486f8c49d423f6\" class=\"ls-maillage cta-style-normal has-m-t m-t-4\" data-rows=\"3\">\n    <div class=\"wp-block-columns\"><div class=\"wp-block-column\">\n\n<a href=\"https:\/\/fermebeauregard.com\/nl\/toerisme-activiteiten-pyreneeen\/\" target=\"\" rel=\"noopener\" class=\"ls-cta__link\">\n\n\t<div class=\"ls-cta__image\"><img decoding=\"async\" src=\"https:\/\/fermebeauregard.com\/wp-content\/uploads\/2023\/02\/activites-chambre-hote-gite-beauregard.jpg\" alt=\"activites chambre hote ariege\"><\/div>\n\t<div class=\"ls-cta__title\">\n\t\tTe doen\t<\/div>\n\n\t\t\n<\/a><\/div><div class=\"wp-block-column\">\n\n<a href=\"https:\/\/fermebeauregard.com\/nl\/locatie-gite-pyreneeen\/\" target=\"\" rel=\"noopener\" class=\"ls-cta__link\">\n\n\t<div class=\"ls-cta__image\"><img decoding=\"async\" src=\"https:\/\/fermebeauregard.com\/wp-content\/uploads\/2023\/02\/gite-calme-avec-vue-sur-pyrenees.jpg\" alt=\"gite calme vue pyrenees\"><\/div>\n\t<div class=\"ls-cta__title\">\n\t\tDe kamers en de g\u00eete\t<\/div>\n\n\t\t\n<\/a><\/div><div class=\"wp-block-column\">\n\n<a href=\"https:\/\/fermebeauregard.com\/nl\/maison-hotes-pyrenees\/\" target=\"\" rel=\"noopener\" class=\"ls-cta__link\">\n\n\t<div class=\"ls-cta__image\"><img decoding=\"async\" src=\"https:\/\/fermebeauregard.com\/wp-content\/uploads\/2023\/02\/chambre-table-hote-ariege-768x523.jpg\" alt=\"chambre hote ariege\"><\/div>\n\t<div class=\"ls-cta__title\">\n\t\tTable d&#8217;h\u00f4tes en diensten\t<\/div>\n\n\t\t\n<\/a><\/div><\/div><\/div>\n\n    <\/div>\n<\/section>","protected":false},"excerpt":{"rendered":"","protected":false},"author":1,"featured_media":1422,"parent":0,"menu_order":0,"comment_status":"closed","ping_status":"closed","template":"","meta":{"_acf_changed":false,"footnotes":""},"sujet":[],"class_list":["post-1514","page","type-page","status-publish","has-post-thumbnail","hentry"],"acf":[],"_links":{"self":[{"href":"https:\/\/fermebeauregard.com\/nl\/wp-json\/wp\/v2\/pages\/1514","targetHints":{"allow":["GET"]}}],"collection":[{"href":"https:\/\/fermebeauregard.com\/nl\/wp-json\/wp\/v2\/pages"}],"about":[{"href":"https:\/\/fermebeauregard.com\/nl\/wp-json\/wp\/v2\/types\/page"}],"author":[{"embeddable":true,"href":"https:\/\/fermebeauregard.com\/nl\/wp-json\/wp\/v2\/users\/1"}],"replies":[{"embeddable":true,"href":"https:\/\/fermebeauregard.com\/nl\/wp-json\/wp\/v2\/comments?post=1514"}],"version-history":[{"count":8,"href":"https:\/\/fermebeauregard.com\/nl\/wp-json\/wp\/v2\/pages\/1514\/revisions"}],"predecessor-version":[{"id":2012,"href":"https:\/\/fermebeauregard.com\/nl\/wp-json\/wp\/v2\/pages\/1514\/revisions\/2012"}],"wp:featuredmedia":[{"embeddable":true,"href":"https:\/\/fermebeauregard.com\/nl\/wp-json\/wp\/v2\/media\/1422"}],"wp:attachment":[{"href":"https:\/\/fermebeauregard.com\/nl\/wp-json\/wp\/v2\/media?parent=1514"}],"wp:term":[{"taxonomy":"sujet","embeddable":true,"href":"https:\/\/fermebeauregard.com\/nl\/wp-json\/wp\/v2\/sujet?post=1514"}],"curies":[{"name":"wp","href":"https:\/\/api.w.org\/{rel}","templated":true}]}}